{"id":1038,"date":"2025-06-27T08:57:07","date_gmt":"2025-06-27T08:57:07","guid":{"rendered":"https:\/\/chateaudutruch.com\/kontakt\/"},"modified":"2025-08-20T07:31:40","modified_gmt":"2025-08-20T07:31:40","slug":"kontakt","status":"publish","type":"page","link":"https:\/\/chateaudutruch.com\/de\/kontakt\/","title":{"rendered":"Kontakt"},"content":{"rendered":"<div class='fluentform ff-default fluentform_wrapper_3 ffs_default_wrap'><form data-form_id=\"3\" id=\"fluentform_3\" class=\"frm-fluent-form fluent_form_3 ff-el-form-top ff_form_instance_3_1 ff-form-loading ffs_default\" data-form_instance=\"ff_form_instance_3_1\" method=\"POST\" ><fieldset  style=\"border: none!important;margin: 0!important;padding: 0!important;background-color: transparent!important;box-shadow: none!important;outline: none!important; min-inline-size: 100%;\">\n                    <legend class=\"ff_screen_reader_title\" style=\"display: block; margin: 0!important;padding: 0!important;height: 0!important;text-indent: -999999px;width: 0!important;overflow:hidden;\">Contact Form Demo (#3)<\/legend><input type='hidden' name='__fluent_form_embded_post_id' value='1038' \/><input type=\"hidden\" id=\"_fluentform_3_fluentformnonce\" name=\"_fluentform_3_fluentformnonce\" value=\"ebd8e1f57e\" \/><input type=\"hidden\" name=\"_wp_http_referer\" value=\"\/de\/wp-json\/wp\/v2\/pages\/1038\" \/><div data-type=\"name-element\" data-name=\"names\" class=\" ff-field_container ff-name-field-wrapper\" ><div class='ff-t-container'><div class='ff-t-cell '><div class='ff-el-group'><div class=\"ff-el-input--label asterisk-right\"><label for='ff_3_names_first_name_' id='label_ff_3_names_first_name_' >Pr\u00e9nom<\/label><\/div><div class='ff-el-input--content'><input type=\"text\" name=\"names[first_name]\" id=\"ff_3_names_first_name_\" class=\"ff-el-form-control\" placeholder=\"Pr\u00e9nom\" aria-invalid=\"false\" aria-required=false><\/div><\/div><\/div><div class='ff-t-cell '><div class='ff-el-group'><div class=\"ff-el-input--label asterisk-right\"><label for='ff_3_names_last_name_' id='label_ff_3_names_last_name_' >Nom<\/label><\/div><div class='ff-el-input--content'><input type=\"text\" name=\"names[last_name]\" id=\"ff_3_names_last_name_\" class=\"ff-el-form-control\" placeholder=\"Nom\" aria-invalid=\"false\" aria-required=false><\/div><\/div><\/div><\/div><\/div><div class='ff-el-group'><div class=\"ff-el-input--label ff-el-is-required asterisk-right\"><label for='ff_3_email' id='label_ff_3_email' aria-label=\"Email\">Email<\/label><\/div><div class='ff-el-input--content'><input type=\"email\" name=\"email\" id=\"ff_3_email\" class=\"ff-el-form-control\" placeholder=\"Email\" data-name=\"email\"  aria-invalid=\"false\" aria-required=true><\/div><\/div><div class='ff-el-group'><div class=\"ff-el-input--label asterisk-right\"><label for='ff_3_subject' id='label_ff_3_subject' aria-label=\"Sujet\">Sujet<\/label><\/div><div class='ff-el-input--content'><input type=\"text\" name=\"subject\" class=\"ff-el-form-control\" placeholder=\"Sujet\" data-name=\"subject\" id=\"ff_3_subject\"  aria-invalid=\"false\" aria-required=false><\/div><\/div><div class='ff-el-group'><div class=\"ff-el-input--label ff-el-is-required asterisk-right\"><label for='ff_3_message' id='label_ff_3_message' aria-label=\"Message\">Message<\/label><\/div><div class='ff-el-input--content'><textarea aria-required=\"true\" aria-labelledby=\"label_ff_3_message\" name=\"message\" id=\"ff_3_message\" class=\"ff-el-form-control\" placeholder=\"Message\" rows=\"4\" cols=\"2\" data-name=\"message\" ><\/textarea><\/div><\/div><div class='ff-el-group ff-text-left ff_submit_btn_wrapper'><button type=\"submit\" class=\"ff-btn ff-btn-submit ff-btn-md ff_btn_style\"  aria-label=\"Submit Form\">Submit Form<\/button><\/div><\/fieldset><\/form><div id='fluentform_3_errors' class='ff-errors-in-stack ff_form_instance_3_1 ff-form-loading_errors ff_form_instance_3_1_errors'><\/div><\/div>            <script type=\"text\/javascript\">\n                window.fluent_form_ff_form_instance_3_1 = {\"id\":\"3\",\"settings\":{\"layout\":{\"labelPlacement\":\"top\",\"asteriskPlacement\":\"asterisk-right\",\"helpMessagePlacement\":\"with_label\",\"errorMessagePlacement\":\"inline\",\"cssClassName\":\"\"},\"restrictions\":{\"denyEmptySubmission\":{\"enabled\":false}}},\"form_instance\":\"ff_form_instance_3_1\",\"form_id_selector\":\"fluentform_3\",\"rules\":{\"names[first_name]\":{\"required\":{\"value\":false,\"message\":\"Dieses Feld ist erforderlich\",\"global\":true,\"global_message\":\"Ce champ est obligatoire\"}},\"names[middle_name]\":{\"required\":{\"value\":false,\"message\":\"Dieses Feld ist erforderlich\",\"global\":true,\"global_message\":\"Ce champ est obligatoire\"}},\"names[last_name]\":{\"required\":{\"value\":false,\"message\":\"Dieses Feld ist erforderlich\",\"global\":true,\"global_message\":\"Ce champ est obligatoire\"}},\"email\":{\"required\":{\"value\":true,\"message\":\"Dieses Feld ist erforderlich\",\"global\":true,\"global_message\":\"Ce champ est obligatoire\"},\"email\":{\"value\":true,\"message\":\"Dieses Feld muss eine g\\u00fcltige E-Mail-Adresse enthalten\",\"global\":true,\"global_message\":\"Ce champ doit contenir un e-mail valide\"}},\"subject\":{\"required\":{\"value\":false,\"message\":\"Dieses Feld ist erforderlich\",\"global\":true,\"global_message\":\"Ce champ est obligatoire\"}},\"message\":{\"required\":{\"value\":true,\"message\":\"Dieses Feld ist erforderlich\",\"global\":true,\"global_message\":\"Ce champ est obligatoire\"}}},\"debounce_time\":300};\n                            <\/script>\n            \n","protected":false},"excerpt":{"rendered":"","protected":false},"author":1,"featured_media":0,"parent":0,"menu_order":0,"comment_status":"closed","ping_status":"closed","template":"","meta":{"_eb_attr":"","footnotes":""},"class_list":["post-1038","page","type-page","status-publish","hentry"],"blocksy_meta":[],"yoast_head":"<!-- This site is optimized with the Yoast SEO plugin v26.6 - https:\/\/yoast.com\/wordpress\/plugins\/seo\/ -->\n<title>Kontakt - Ch\u00e2teau Dutruch<\/title>\n<meta name=\"robots\" content=\"index, follow, max-snippet:-1, max-image-preview:large, max-video-preview:-1\" \/>\n<link rel=\"canonical\" href=\"https:\/\/chateaudutruch.com\/de\/kontakt\/\" \/>\n<meta property=\"og:locale\" content=\"de_DE\" \/>\n<meta property=\"og:type\" content=\"article\" \/>\n<meta property=\"og:title\" content=\"Kontakt - Ch\u00e2teau Dutruch\" \/>\n<meta property=\"og:url\" content=\"https:\/\/chateaudutruch.com\/de\/kontakt\/\" \/>\n<meta property=\"og:site_name\" content=\"Ch\u00e2teau Dutruch\" \/>\n<meta property=\"article:modified_time\" content=\"2025-08-20T07:31:40+00:00\" \/>\n<meta name=\"twitter:card\" content=\"summary_large_image\" \/>\n<script type=\"application\/ld+json\" class=\"yoast-schema-graph\">{\"@context\":\"https:\/\/schema.org\",\"@graph\":[{\"@type\":\"WebPage\",\"@id\":\"https:\/\/chateaudutruch.com\/de\/kontakt\/\",\"url\":\"https:\/\/chateaudutruch.com\/de\/kontakt\/\",\"name\":\"Kontakt - Ch\u00e2teau Dutruch\",\"isPartOf\":{\"@id\":\"https:\/\/chateaudutruch.com\/de\/#website\"},\"datePublished\":\"2025-06-27T08:57:07+00:00\",\"dateModified\":\"2025-08-20T07:31:40+00:00\",\"breadcrumb\":{\"@id\":\"https:\/\/chateaudutruch.com\/de\/kontakt\/#breadcrumb\"},\"inLanguage\":\"de\",\"potentialAction\":[{\"@type\":\"ReadAction\",\"target\":[\"https:\/\/chateaudutruch.com\/de\/kontakt\/\"]}]},{\"@type\":\"BreadcrumbList\",\"@id\":\"https:\/\/chateaudutruch.com\/de\/kontakt\/#breadcrumb\",\"itemListElement\":[{\"@type\":\"ListItem\",\"position\":1,\"name\":\"Accueil\",\"item\":\"https:\/\/chateaudutruch.com\/de\/startseite\/\"},{\"@type\":\"ListItem\",\"position\":2,\"name\":\"Kontakt\"}]},{\"@type\":\"WebSite\",\"@id\":\"https:\/\/chateaudutruch.com\/de\/#website\",\"url\":\"https:\/\/chateaudutruch.com\/de\/\",\"name\":\"Ch\u00e2teau Dutruch\",\"description\":\"Ch\u00e2teau Dutruch Grand Poujeaux - Vin de Moulis en M\u00e9doc\",\"publisher\":{\"@id\":\"https:\/\/chateaudutruch.com\/de\/#organization\"},\"potentialAction\":[{\"@type\":\"SearchAction\",\"target\":{\"@type\":\"EntryPoint\",\"urlTemplate\":\"https:\/\/chateaudutruch.com\/de\/?s={search_term_string}\"},\"query-input\":{\"@type\":\"PropertyValueSpecification\",\"valueRequired\":true,\"valueName\":\"search_term_string\"}}],\"inLanguage\":\"de\"},{\"@type\":\"Organization\",\"@id\":\"https:\/\/chateaudutruch.com\/de\/#organization\",\"name\":\"Ch\u00e2teau Dutruch\",\"url\":\"https:\/\/chateaudutruch.com\/de\/\",\"logo\":{\"@type\":\"ImageObject\",\"inLanguage\":\"de\",\"@id\":\"https:\/\/chateaudutruch.com\/de\/#\/schema\/logo\/image\/\",\"url\":\"https:\/\/chateaudutruch.com\/wp-content\/uploads\/2025\/06\/CH-DUTRUCH-GRAND-POUJEAUX-Moulis-en-Medoc-Logo-Noir.png\",\"contentUrl\":\"https:\/\/chateaudutruch.com\/wp-content\/uploads\/2025\/06\/CH-DUTRUCH-GRAND-POUJEAUX-Moulis-en-Medoc-Logo-Noir.png\",\"width\":567,\"height\":220,\"caption\":\"Ch\u00e2teau Dutruch\"},\"image\":{\"@id\":\"https:\/\/chateaudutruch.com\/de\/#\/schema\/logo\/image\/\"}}]}<\/script>\n<!-- \/ Yoast SEO plugin. -->","yoast_head_json":{"title":"Kontakt - Ch\u00e2teau Dutruch","robots":{"index":"index","follow":"follow","max-snippet":"max-snippet:-1","max-image-preview":"max-image-preview:large","max-video-preview":"max-video-preview:-1"},"canonical":"https:\/\/chateaudutruch.com\/de\/kontakt\/","og_locale":"de_DE","og_type":"article","og_title":"Kontakt - Ch\u00e2teau Dutruch","og_url":"https:\/\/chateaudutruch.com\/de\/kontakt\/","og_site_name":"Ch\u00e2teau Dutruch","article_modified_time":"2025-08-20T07:31:40+00:00","twitter_card":"summary_large_image","schema":{"@context":"https:\/\/schema.org","@graph":[{"@type":"WebPage","@id":"https:\/\/chateaudutruch.com\/de\/kontakt\/","url":"https:\/\/chateaudutruch.com\/de\/kontakt\/","name":"Kontakt - Ch\u00e2teau Dutruch","isPartOf":{"@id":"https:\/\/chateaudutruch.com\/de\/#website"},"datePublished":"2025-06-27T08:57:07+00:00","dateModified":"2025-08-20T07:31:40+00:00","breadcrumb":{"@id":"https:\/\/chateaudutruch.com\/de\/kontakt\/#breadcrumb"},"inLanguage":"de","potentialAction":[{"@type":"ReadAction","target":["https:\/\/chateaudutruch.com\/de\/kontakt\/"]}]},{"@type":"BreadcrumbList","@id":"https:\/\/chateaudutruch.com\/de\/kontakt\/#breadcrumb","itemListElement":[{"@type":"ListItem","position":1,"name":"Accueil","item":"https:\/\/chateaudutruch.com\/de\/startseite\/"},{"@type":"ListItem","position":2,"name":"Kontakt"}]},{"@type":"WebSite","@id":"https:\/\/chateaudutruch.com\/de\/#website","url":"https:\/\/chateaudutruch.com\/de\/","name":"Ch\u00e2teau Dutruch","description":"Ch\u00e2teau Dutruch Grand Poujeaux - Vin de Moulis en M\u00e9doc","publisher":{"@id":"https:\/\/chateaudutruch.com\/de\/#organization"},"potentialAction":[{"@type":"SearchAction","target":{"@type":"EntryPoint","urlTemplate":"https:\/\/chateaudutruch.com\/de\/?s={search_term_string}"},"query-input":{"@type":"PropertyValueSpecification","valueRequired":true,"valueName":"search_term_string"}}],"inLanguage":"de"},{"@type":"Organization","@id":"https:\/\/chateaudutruch.com\/de\/#organization","name":"Ch\u00e2teau Dutruch","url":"https:\/\/chateaudutruch.com\/de\/","logo":{"@type":"ImageObject","inLanguage":"de","@id":"https:\/\/chateaudutruch.com\/de\/#\/schema\/logo\/image\/","url":"https:\/\/chateaudutruch.com\/wp-content\/uploads\/2025\/06\/CH-DUTRUCH-GRAND-POUJEAUX-Moulis-en-Medoc-Logo-Noir.png","contentUrl":"https:\/\/chateaudutruch.com\/wp-content\/uploads\/2025\/06\/CH-DUTRUCH-GRAND-POUJEAUX-Moulis-en-Medoc-Logo-Noir.png","width":567,"height":220,"caption":"Ch\u00e2teau Dutruch"},"image":{"@id":"https:\/\/chateaudutruch.com\/de\/#\/schema\/logo\/image\/"}}]}},"_links":{"self":[{"href":"https:\/\/chateaudutruch.com\/de\/wp-json\/wp\/v2\/pages\/1038","targetHints":{"allow":["GET"]}}],"collection":[{"href":"https:\/\/chateaudutruch.com\/de\/wp-json\/wp\/v2\/pages"}],"about":[{"href":"https:\/\/chateaudutruch.com\/de\/wp-json\/wp\/v2\/types\/page"}],"author":[{"embeddable":true,"href":"https:\/\/chateaudutruch.com\/de\/wp-json\/wp\/v2\/users\/1"}],"replies":[{"embeddable":true,"href":"https:\/\/chateaudutruch.com\/de\/wp-json\/wp\/v2\/comments?post=1038"}],"version-history":[{"count":1,"href":"https:\/\/chateaudutruch.com\/de\/wp-json\/wp\/v2\/pages\/1038\/revisions"}],"predecessor-version":[{"id":1040,"href":"https:\/\/chateaudutruch.com\/de\/wp-json\/wp\/v2\/pages\/1038\/revisions\/1040"}],"wp:attachment":[{"href":"https:\/\/chateaudutruch.com\/de\/wp-json\/wp\/v2\/media?parent=1038"}],"curies":[{"name":"wp","href":"https:\/\/api.w.org\/{rel}","templated":true}]}}