{"id":960,"date":"2025-07-07T08:44:06","date_gmt":"2025-07-07T08:44:06","guid":{"rendered":"https:\/\/chateaudutruch.com\/produit\/lautruch-de-dutruch-jahrgang-2022\/"},"modified":"2025-11-19T12:48:45","modified_gmt":"2025-11-19T12:48:45","slug":"lautruch-de-dutruch-jahrgang-2022","status":"publish","type":"product","link":"https:\/\/chateaudutruch.com\/de\/produit\/lautruch-de-dutruch-jahrgang-2022\/","title":{"rendered":"L&#8217;Autruch&#8217; de Dutruch &#8211; Jahrgang 2022"},"content":{"rendered":"<p><strong>Der Autruch&#8217; von Dutruch<\/strong> ist eine originelle Weinbereitung und Assemblage, die Ihre Geschmacksknospen zum Vibrieren bringen wird <strong>.<\/strong><\/p>\n<p>Eine neue Cuv\u00e9e, die dieses Jahr auf den Markt gebracht wurde. Sie wurde <strong>ohne Kontakt mit Holz<\/strong> ausgebaut und bringt die Rebsorten Cabernet Sauvignon (50%) \/ Merlot (50%) zur Geltung.<\/p>\n<p>Er wird perfekt zu <strong>Aperitifs, Grillgerichten und Fruchtdesserts <\/strong> passen.<\/p>\n<p>Diese Kollektion kann auch leicht gek\u00fchlt (10\u00b0) getrunken werden.<\/p>\n","protected":false},"excerpt":{"rendered":"<p>Die Rebsorte Cabernet Sauvignon, das Flaggschiff des Weinguts, und die Rebsorte Merlot sind der Ausdruck unseres Terroirs.<\/p>\n<p><strong><span class=\"summary__title\"><span class=\"accordion__title\">  \ud83c\udf47 Das Wort des Winzers<\/span><\/span><\/strong><\/p>\n<div class=\"accordion__content rte\">\n<p><em>&#8220;Jeder Wein, den wir auf Ch\u00e2teau Dutruch Grand Poujeaux kreieren, ist der Ausdruck der Familie durch eine Leidenschaft f\u00fcr die Natur und den Respekt f\u00fcr das Terroir. Unsere Verpflichtung ist es, Ihnen Cuv\u00e9es anzubieten, die die Geschichte unseres Weinguts erz\u00e4hlen, mit all der Authentizit\u00e4t und Finesse, die jede Flasche verdient.&#8221;<\/em><\/p>\n<\/div>\n","protected":false},"featured_media":973,"comment_status":"open","ping_status":"closed","template":"","meta":{"_eb_attr":""},"product_brand":[],"product_cat":[50],"product_tag":[],"class_list":{"0":"post-960","1":"product","2":"type-product","3":"status-publish","4":"has-post-thumbnail","6":"product_cat-rotwein","8":"first","9":"instock","10":"taxable","11":"shipping-taxable","12":"purchasable","13":"product-type-simple"},"yoast_head":"<!-- This site is optimized with the Yoast SEO plugin v26.6 - https:\/\/yoast.com\/wordpress\/plugins\/seo\/ -->\n<title>L&#039;Autruch&#039; de Dutruch - Jahrgang 2022 - Ch\u00e2teau Dutruch<\/title>\n<meta name=\"robots\" content=\"index, follow, max-snippet:-1, max-image-preview:large, max-video-preview:-1\" \/>\n<link rel=\"canonical\" href=\"https:\/\/chateaudutruch.com\/de\/produit\/lautruch-de-dutruch-jahrgang-2022\/\" \/>\n<meta property=\"og:locale\" content=\"de_DE\" \/>\n<meta property=\"og:type\" content=\"article\" \/>\n<meta property=\"og:title\" content=\"L&#039;Autruch&#039; de Dutruch - Jahrgang 2022 - Ch\u00e2teau Dutruch\" \/>\n<meta property=\"og:description\" content=\"Die Rebsorte Cabernet Sauvignon, das Flaggschiff des Weinguts, und die Rebsorte Merlot sind der Ausdruck unseres Terroirs.  \ud83c\udf47 Das Wort des Winzers  &quot;Jeder Wein, den wir auf Ch\u00e2teau Dutruch Grand Poujeaux kreieren, ist der Ausdruck der Familie durch eine Leidenschaft f\u00fcr die Natur und den Respekt f\u00fcr das Terroir. Unsere Verpflichtung ist es, Ihnen Cuv\u00e9es anzubieten, die die Geschichte unseres Weinguts erz\u00e4hlen, mit all der Authentizit\u00e4t und Finesse, die jede Flasche verdient.&quot;\" \/>\n<meta property=\"og:url\" content=\"https:\/\/chateaudutruch.com\/de\/produit\/lautruch-de-dutruch-jahrgang-2022\/\" \/>\n<meta property=\"og:site_name\" content=\"Ch\u00e2teau Dutruch\" \/>\n<meta property=\"article:modified_time\" content=\"2025-11-19T12:48:45+00:00\" \/>\n<meta property=\"og:image\" content=\"https:\/\/chateaudutruch.com\/wp-content\/uploads\/2025\/07\/Bouteille-de-vin-LAutruch-de-Dutruch-2-683x1024.png\" \/>\n\t<meta property=\"og:image:width\" content=\"683\" \/>\n\t<meta property=\"og:image:height\" content=\"1024\" \/>\n\t<meta property=\"og:image:type\" content=\"image\/png\" \/>\n<meta name=\"twitter:card\" content=\"summary_large_image\" \/>\n<script type=\"application\/ld+json\" class=\"yoast-schema-graph\">{\"@context\":\"https:\/\/schema.org\",\"@graph\":[{\"@type\":\"WebPage\",\"@id\":\"https:\/\/chateaudutruch.com\/de\/produit\/lautruch-de-dutruch-jahrgang-2022\/\",\"url\":\"https:\/\/chateaudutruch.com\/de\/produit\/lautruch-de-dutruch-jahrgang-2022\/\",\"name\":\"L'Autruch' de Dutruch - Jahrgang 2022 - Ch\u00e2teau Dutruch\",\"isPartOf\":{\"@id\":\"https:\/\/chateaudutruch.com\/de\/#website\"},\"primaryImageOfPage\":{\"@id\":\"https:\/\/chateaudutruch.com\/de\/produit\/lautruch-de-dutruch-jahrgang-2022\/#primaryimage\"},\"image\":{\"@id\":\"https:\/\/chateaudutruch.com\/de\/produit\/lautruch-de-dutruch-jahrgang-2022\/#primaryimage\"},\"thumbnailUrl\":\"https:\/\/chateaudutruch.com\/wp-content\/uploads\/2025\/06\/Autruche-Dutruch-Bouteille-Square.jpg\",\"datePublished\":\"2025-07-07T08:44:06+00:00\",\"dateModified\":\"2025-11-19T12:48:45+00:00\",\"breadcrumb\":{\"@id\":\"https:\/\/chateaudutruch.com\/de\/produit\/lautruch-de-dutruch-jahrgang-2022\/#breadcrumb\"},\"inLanguage\":\"de\",\"potentialAction\":[{\"@type\":\"ReadAction\",\"target\":[\"https:\/\/chateaudutruch.com\/de\/produit\/lautruch-de-dutruch-jahrgang-2022\/\"]}]},{\"@type\":\"ImageObject\",\"inLanguage\":\"de\",\"@id\":\"https:\/\/chateaudutruch.com\/de\/produit\/lautruch-de-dutruch-jahrgang-2022\/#primaryimage\",\"url\":\"https:\/\/chateaudutruch.com\/wp-content\/uploads\/2025\/06\/Autruche-Dutruch-Bouteille-Square.jpg\",\"contentUrl\":\"https:\/\/chateaudutruch.com\/wp-content\/uploads\/2025\/06\/Autruche-Dutruch-Bouteille-Square.jpg\",\"width\":1400,\"height\":1400},{\"@type\":\"BreadcrumbList\",\"@id\":\"https:\/\/chateaudutruch.com\/de\/produit\/lautruch-de-dutruch-jahrgang-2022\/#breadcrumb\",\"itemListElement\":[{\"@type\":\"ListItem\",\"position\":1,\"name\":\"Accueil\",\"item\":\"https:\/\/chateaudutruch.com\/de\/startseite\/\"},{\"@type\":\"ListItem\",\"position\":2,\"name\":\"Shop\",\"item\":\"https:\/\/chateaudutruch.com\/de\/shop\/\"},{\"@type\":\"ListItem\",\"position\":3,\"name\":\"L&#8217;Autruch&#8217; de Dutruch &#8211; Jahrgang 2022\"}]},{\"@type\":\"WebSite\",\"@id\":\"https:\/\/chateaudutruch.com\/de\/#website\",\"url\":\"https:\/\/chateaudutruch.com\/de\/\",\"name\":\"Ch\u00e2teau Dutruch\",\"description\":\"Ch\u00e2teau Dutruch Grand Poujeaux - Vin de Moulis en M\u00e9doc\",\"publisher\":{\"@id\":\"https:\/\/chateaudutruch.com\/de\/#organization\"},\"potentialAction\":[{\"@type\":\"SearchAction\",\"target\":{\"@type\":\"EntryPoint\",\"urlTemplate\":\"https:\/\/chateaudutruch.com\/de\/?s={search_term_string}\"},\"query-input\":{\"@type\":\"PropertyValueSpecification\",\"valueRequired\":true,\"valueName\":\"search_term_string\"}}],\"inLanguage\":\"de\"},{\"@type\":\"Organization\",\"@id\":\"https:\/\/chateaudutruch.com\/de\/#organization\",\"name\":\"Ch\u00e2teau Dutruch\",\"url\":\"https:\/\/chateaudutruch.com\/de\/\",\"logo\":{\"@type\":\"ImageObject\",\"inLanguage\":\"de\",\"@id\":\"https:\/\/chateaudutruch.com\/de\/#\/schema\/logo\/image\/\",\"url\":\"https:\/\/chateaudutruch.com\/wp-content\/uploads\/2025\/06\/CH-DUTRUCH-GRAND-POUJEAUX-Moulis-en-Medoc-Logo-Noir.png\",\"contentUrl\":\"https:\/\/chateaudutruch.com\/wp-content\/uploads\/2025\/06\/CH-DUTRUCH-GRAND-POUJEAUX-Moulis-en-Medoc-Logo-Noir.png\",\"width\":567,\"height\":220,\"caption\":\"Ch\u00e2teau Dutruch\"},\"image\":{\"@id\":\"https:\/\/chateaudutruch.com\/de\/#\/schema\/logo\/image\/\"}}]}<\/script>\n<!-- \/ Yoast SEO plugin. -->","yoast_head_json":{"title":"L'Autruch' de Dutruch - Jahrgang 2022 - Ch\u00e2teau Dutruch","robots":{"index":"index","follow":"follow","max-snippet":"max-snippet:-1","max-image-preview":"max-image-preview:large","max-video-preview":"max-video-preview:-1"},"canonical":"https:\/\/chateaudutruch.com\/de\/produit\/lautruch-de-dutruch-jahrgang-2022\/","og_locale":"de_DE","og_type":"article","og_title":"L'Autruch' de Dutruch - Jahrgang 2022 - Ch\u00e2teau Dutruch","og_description":"Die Rebsorte Cabernet Sauvignon, das Flaggschiff des Weinguts, und die Rebsorte Merlot sind der Ausdruck unseres Terroirs.  \ud83c\udf47 Das Wort des Winzers  \"Jeder Wein, den wir auf Ch\u00e2teau Dutruch Grand Poujeaux kreieren, ist der Ausdruck der Familie durch eine Leidenschaft f\u00fcr die Natur und den Respekt f\u00fcr das Terroir. Unsere Verpflichtung ist es, Ihnen Cuv\u00e9es anzubieten, die die Geschichte unseres Weinguts erz\u00e4hlen, mit all der Authentizit\u00e4t und Finesse, die jede Flasche verdient.\"","og_url":"https:\/\/chateaudutruch.com\/de\/produit\/lautruch-de-dutruch-jahrgang-2022\/","og_site_name":"Ch\u00e2teau Dutruch","article_modified_time":"2025-11-19T12:48:45+00:00","og_image":[{"width":683,"height":1024,"url":"https:\/\/chateaudutruch.com\/wp-content\/uploads\/2025\/07\/Bouteille-de-vin-LAutruch-de-Dutruch-2-683x1024.png","type":"image\/png"}],"twitter_card":"summary_large_image","schema":{"@context":"https:\/\/schema.org","@graph":[{"@type":"WebPage","@id":"https:\/\/chateaudutruch.com\/de\/produit\/lautruch-de-dutruch-jahrgang-2022\/","url":"https:\/\/chateaudutruch.com\/de\/produit\/lautruch-de-dutruch-jahrgang-2022\/","name":"L'Autruch' de Dutruch - Jahrgang 2022 - Ch\u00e2teau Dutruch","isPartOf":{"@id":"https:\/\/chateaudutruch.com\/de\/#website"},"primaryImageOfPage":{"@id":"https:\/\/chateaudutruch.com\/de\/produit\/lautruch-de-dutruch-jahrgang-2022\/#primaryimage"},"image":{"@id":"https:\/\/chateaudutruch.com\/de\/produit\/lautruch-de-dutruch-jahrgang-2022\/#primaryimage"},"thumbnailUrl":"https:\/\/chateaudutruch.com\/wp-content\/uploads\/2025\/06\/Autruche-Dutruch-Bouteille-Square.jpg","datePublished":"2025-07-07T08:44:06+00:00","dateModified":"2025-11-19T12:48:45+00:00","breadcrumb":{"@id":"https:\/\/chateaudutruch.com\/de\/produit\/lautruch-de-dutruch-jahrgang-2022\/#breadcrumb"},"inLanguage":"de","potentialAction":[{"@type":"ReadAction","target":["https:\/\/chateaudutruch.com\/de\/produit\/lautruch-de-dutruch-jahrgang-2022\/"]}]},{"@type":"ImageObject","inLanguage":"de","@id":"https:\/\/chateaudutruch.com\/de\/produit\/lautruch-de-dutruch-jahrgang-2022\/#primaryimage","url":"https:\/\/chateaudutruch.com\/wp-content\/uploads\/2025\/06\/Autruche-Dutruch-Bouteille-Square.jpg","contentUrl":"https:\/\/chateaudutruch.com\/wp-content\/uploads\/2025\/06\/Autruche-Dutruch-Bouteille-Square.jpg","width":1400,"height":1400},{"@type":"BreadcrumbList","@id":"https:\/\/chateaudutruch.com\/de\/produit\/lautruch-de-dutruch-jahrgang-2022\/#breadcrumb","itemListElement":[{"@type":"ListItem","position":1,"name":"Accueil","item":"https:\/\/chateaudutruch.com\/de\/startseite\/"},{"@type":"ListItem","position":2,"name":"Shop","item":"https:\/\/chateaudutruch.com\/de\/shop\/"},{"@type":"ListItem","position":3,"name":"L&#8217;Autruch&#8217; de Dutruch &#8211; Jahrgang 2022"}]},{"@type":"WebSite","@id":"https:\/\/chateaudutruch.com\/de\/#website","url":"https:\/\/chateaudutruch.com\/de\/","name":"Ch\u00e2teau Dutruch","description":"Ch\u00e2teau Dutruch Grand Poujeaux - Vin de Moulis en M\u00e9doc","publisher":{"@id":"https:\/\/chateaudutruch.com\/de\/#organization"},"potentialAction":[{"@type":"SearchAction","target":{"@type":"EntryPoint","urlTemplate":"https:\/\/chateaudutruch.com\/de\/?s={search_term_string}"},"query-input":{"@type":"PropertyValueSpecification","valueRequired":true,"valueName":"search_term_string"}}],"inLanguage":"de"},{"@type":"Organization","@id":"https:\/\/chateaudutruch.com\/de\/#organization","name":"Ch\u00e2teau Dutruch","url":"https:\/\/chateaudutruch.com\/de\/","logo":{"@type":"ImageObject","inLanguage":"de","@id":"https:\/\/chateaudutruch.com\/de\/#\/schema\/logo\/image\/","url":"https:\/\/chateaudutruch.com\/wp-content\/uploads\/2025\/06\/CH-DUTRUCH-GRAND-POUJEAUX-Moulis-en-Medoc-Logo-Noir.png","contentUrl":"https:\/\/chateaudutruch.com\/wp-content\/uploads\/2025\/06\/CH-DUTRUCH-GRAND-POUJEAUX-Moulis-en-Medoc-Logo-Noir.png","width":567,"height":220,"caption":"Ch\u00e2teau Dutruch"},"image":{"@id":"https:\/\/chateaudutruch.com\/de\/#\/schema\/logo\/image\/"}}]}},"_links":{"self":[{"href":"https:\/\/chateaudutruch.com\/de\/wp-json\/wp\/v2\/product\/960","targetHints":{"allow":["GET"]}}],"collection":[{"href":"https:\/\/chateaudutruch.com\/de\/wp-json\/wp\/v2\/product"}],"about":[{"href":"https:\/\/chateaudutruch.com\/de\/wp-json\/wp\/v2\/types\/product"}],"replies":[{"embeddable":true,"href":"https:\/\/chateaudutruch.com\/de\/wp-json\/wp\/v2\/comments?post=960"}],"wp:featuredmedia":[{"embeddable":true,"href":"https:\/\/chateaudutruch.com\/de\/wp-json\/wp\/v2\/media\/973"}],"wp:attachment":[{"href":"https:\/\/chateaudutruch.com\/de\/wp-json\/wp\/v2\/media?parent=960"}],"wp:term":[{"taxonomy":"product_brand","embeddable":true,"href":"https:\/\/chateaudutruch.com\/de\/wp-json\/wp\/v2\/product_brand?post=960"},{"taxonomy":"product_cat","embeddable":true,"href":"https:\/\/chateaudutruch.com\/de\/wp-json\/wp\/v2\/product_cat?post=960"},{"taxonomy":"product_tag","embeddable":true,"href":"https:\/\/chateaudutruch.com\/de\/wp-json\/wp\/v2\/product_tag?post=960"}],"curies":[{"name":"wp","href":"https:\/\/api.w.org\/{rel}","templated":true}]}}