{"id":965,"date":"2025-06-23T16:24:50","date_gmt":"2025-06-23T16:24:50","guid":{"rendered":"https:\/\/chateaudutruch.com\/produit\/chateau-dutruch-grand-poujeaux\/"},"modified":"2025-06-23T16:24:50","modified_gmt":"2025-06-23T16:24:50","slug":"chateau-dutruch-grand-poujeaux","status":"publish","type":"product","link":"https:\/\/chateaudutruch.com\/de\/produit\/chateau-dutruch-grand-poujeaux\/","title":{"rendered":"Chateau Dutruch Grand Poujeaux &#8211; &#8211;"},"content":{"rendered":"<div class=\"mt-5 flex md:flex-row flex-col justify-between md:items-center\">\n<div class=\"flex flex-col justify-around ml-5\">\n<div>\n<h2>Ch\u00e2teau Dutruch Grand Poujeaux &#8211; Mehrere Jahrg\u00e4nge verf\u00fcgbar<\/h2>\n<h3>Terroir &amp; Weinberg<\/h3>\n<ul class=\"font-cormorant text-text text-sm\">\n<li class=\"flex items-center text-[19px]\">90% Graves Garonnaises (Plateau von Grand Poujeaux)<\/li>\n<li class=\"flex items-center text-[19px]\">10% ton- und kalkhaltige B\u00f6den<\/li>\n<li class=\"flex items-center text-[19px]\">31 ha Weinberge mit 8.500 \/ 9.000 St\u00f6cken\/ha<\/li>\n<li class=\"flex items-center text-[19px]\">Durchschnittsalter der Weinberge: 29 Jahre<\/li>\n<\/ul>\n<\/div>\n<div>\n<h3 class=\"font-bebas text-xl text-text mb-1 mt-4 uppercase text-[24px]\">Weinbereitung<\/h3>\n<ul class=\"font-cormorant text-text text-sm\">\n<li class=\"flex items-center text-[19px]\">temperaturgesteuerte Beton- und Edelstahltanks<\/li>\n<li class=\"flex items-center text-[19px]\">17 bis 25 Tage Mazeration<\/li>\n<\/ul>\n<\/div>\n<div>\n<h3 class=\"font-bebas text-xl text-text mb-1 mt-4 uppercase text-[24px]\">Zucht<\/h3>\n<ul class=\"font-cormorant text-text text-sm\">\n<li class=\"flex items-center text-[19px]\">18 Monate, davon 12 Monate in F\u00e4ssern aus 100% franz\u00f6sischer Eiche<\/li>\n<li class=\"flex items-center text-[19px]\">1\/3 neue F\u00e4sser, 1\/3 F\u00e4sser mit 1 Wein, 1\/3 F\u00e4sser mit 2 Weinen<\/li>\n<\/ul>\n<\/div>\n<\/div>\n<\/div>\n<div class=\"md:mt-0 mt-5\">\n<h3 class=\"font-bebas text-xl text-text mb-1 text-[24px]\">Verkostung<\/h3>\n<p>In seiner Jugend zeigt der <strong>Ch\u00e2teau Dutruch Grand Poujeaux<\/strong> Aromen von frischen, knackigen roten und schwarzen Fr\u00fcchten mit subtilen R\u00f6st- und R\u00f6stnoten. Am Gaumen ist er lieblich, frisch und pr\u00e4zise. Die Tannine sind pr\u00e4sent, aber gut integriert und von gro\u00dfer Langlebigkeit.  <\/p>\n<p>Mit zunehmendem Alter entwickelt sich das Aroma in Richtung Tr\u00fcffel und Menthol. Wir empfehlen Ihnen, mindestens 5 Jahre zu warten, aber das Lagerungspotenzial ist beeindruckend und <strong>kann je nach Jahr<\/strong>gang <strong>bis zu 40 Jahre<\/strong> betragen. <\/p>\n<\/div>\n<div class=\"wine-technical-sheets\">\n<p>&nbsp;<\/p>\n<\/div>\n","protected":false},"excerpt":{"rendered":"<p>Die Rebsorte Cabernet Sauvignon ist das Flaggschiff des Weinguts und der Ausdruck unseres Terroirs. Das Ergebnis einer Assemblage, bei der diese Rebsorte im Stil der Grands Crus des M\u00e9doc dominiert, zeichnet sich durch seine Frische, Finesse und Eleganz aus. Diese Alchemie wird durch die historischen Rebsorten der Appellation verfeinert: Merlot, Cabernet Franc und Petit Verdot.  <\/p>\n<p><strong><span class=\"summary__title\"><span class=\"accordion__title\">  \ud83c\udf47 Das Wort des Winzers<\/span><\/span><\/strong><\/p>\n<div class=\"accordion__content rte\">\n<p><em>&#8220;Jeder Wein, den wir auf Ch\u00e2teau Dutruch Grand Poujeaux kreieren, ist der Ausdruck der Familie durch die Leidenschaft f\u00fcr die Natur und den Respekt f\u00fcr das Terroir. Unsere Verpflichtung ist es, Ihnen Cuv\u00e9es anzubieten, die die Geschichte unseres Weinguts erz\u00e4hlen, mit all der Authentizit\u00e4t und Finesse, die jede Flasche verdient.&#8221;<\/em><\/p>\n<p>&#8211; <strong>Fran\u00e7ois Cordonnier<\/strong><\/p>\n<\/div>\n","protected":false},"featured_media":560,"comment_status":"open","ping_status":"closed","template":"","meta":{"_eb_attr":""},"product_brand":[],"product_cat":[50],"product_tag":[],"class_list":{"0":"post-965","1":"product","2":"type-product","3":"status-publish","4":"has-post-thumbnail","6":"product_cat-rotwein","8":"first","9":"instock","10":"taxable","11":"shipping-taxable","12":"purchasable","13":"product-type-variable"},"yoast_head":"<!-- This site is optimized with the Yoast SEO plugin v26.6 - https:\/\/yoast.com\/wordpress\/plugins\/seo\/ -->\n<title>Chateau Dutruch Grand Poujeaux - Ch\u00e2teau Dutruch<\/title>\n<meta name=\"robots\" content=\"index, follow, max-snippet:-1, max-image-preview:large, max-video-preview:-1\" \/>\n<link rel=\"canonical\" href=\"https:\/\/chateaudutruch.com\/de\/produit\/chateau-dutruch-grand-poujeaux\/\" \/>\n<meta property=\"og:locale\" content=\"de_DE\" \/>\n<meta property=\"og:type\" content=\"article\" \/>\n<meta property=\"og:title\" content=\"Chateau Dutruch Grand Poujeaux - Ch\u00e2teau Dutruch\" \/>\n<meta property=\"og:description\" content=\"Die Rebsorte Cabernet Sauvignon ist das Flaggschiff des Weinguts und der Ausdruck unseres Terroirs. Das Ergebnis einer Assemblage, bei der diese Rebsorte im Stil der Grands Crus des M\u00e9doc dominiert, zeichnet sich durch seine Frische, Finesse und Eleganz aus. Diese Alchemie wird durch die historischen Rebsorten der Appellation verfeinert: Merlot, Cabernet Franc und Petit Verdot.   \ud83c\udf47 Das Wort des Winzers  &quot;Jeder Wein, den wir auf Ch\u00e2teau Dutruch Grand Poujeaux kreieren, ist der Ausdruck der Familie durch die Leidenschaft f\u00fcr die Natur und den Respekt f\u00fcr das Terroir. Unsere Verpflichtung ist es, Ihnen Cuv\u00e9es anzubieten, die die Geschichte unseres Weinguts erz\u00e4hlen, mit all der Authentizit\u00e4t und Finesse, die jede Flasche verdient.&quot; - Fran\u00e7ois Cordonnier\" \/>\n<meta property=\"og:url\" content=\"https:\/\/chateaudutruch.com\/de\/produit\/chateau-dutruch-grand-poujeaux\/\" \/>\n<meta property=\"og:site_name\" content=\"Ch\u00e2teau Dutruch\" \/>\n<meta property=\"og:image\" content=\"https:\/\/chateaudutruch.com\/wp-content\/uploads\/2025\/06\/Chateau-Dutruch-Grand-Poujeaux-Bouteille-Square.jpg\" \/>\n\t<meta property=\"og:image:width\" content=\"1400\" \/>\n\t<meta property=\"og:image:height\" content=\"1400\" \/>\n\t<meta property=\"og:image:type\" content=\"image\/jpeg\" \/>\n<meta name=\"twitter:card\" content=\"summary_large_image\" \/>\n<meta name=\"twitter:label1\" content=\"Gesch\u00e4tzte Lesezeit\" \/>\n\t<meta name=\"twitter:data1\" content=\"1\u00a0Minute\" \/>\n<script type=\"application\/ld+json\" class=\"yoast-schema-graph\">{\"@context\":\"https:\/\/schema.org\",\"@graph\":[{\"@type\":\"WebPage\",\"@id\":\"https:\/\/chateaudutruch.com\/de\/produit\/chateau-dutruch-grand-poujeaux\/\",\"url\":\"https:\/\/chateaudutruch.com\/de\/produit\/chateau-dutruch-grand-poujeaux\/\",\"name\":\"Chateau Dutruch Grand Poujeaux - Ch\u00e2teau Dutruch\",\"isPartOf\":{\"@id\":\"https:\/\/chateaudutruch.com\/de\/#website\"},\"primaryImageOfPage\":{\"@id\":\"https:\/\/chateaudutruch.com\/de\/produit\/chateau-dutruch-grand-poujeaux\/#primaryimage\"},\"image\":{\"@id\":\"https:\/\/chateaudutruch.com\/de\/produit\/chateau-dutruch-grand-poujeaux\/#primaryimage\"},\"thumbnailUrl\":\"https:\/\/chateaudutruch.com\/wp-content\/uploads\/2025\/06\/Chateau-Dutruch-Grand-Poujeaux-Bouteille-Square.jpg\",\"datePublished\":\"2025-06-23T16:24:50+00:00\",\"breadcrumb\":{\"@id\":\"https:\/\/chateaudutruch.com\/de\/produit\/chateau-dutruch-grand-poujeaux\/#breadcrumb\"},\"inLanguage\":\"de\",\"potentialAction\":[{\"@type\":\"ReadAction\",\"target\":[\"https:\/\/chateaudutruch.com\/de\/produit\/chateau-dutruch-grand-poujeaux\/\"]}]},{\"@type\":\"ImageObject\",\"inLanguage\":\"de\",\"@id\":\"https:\/\/chateaudutruch.com\/de\/produit\/chateau-dutruch-grand-poujeaux\/#primaryimage\",\"url\":\"https:\/\/chateaudutruch.com\/wp-content\/uploads\/2025\/06\/Chateau-Dutruch-Grand-Poujeaux-Bouteille-Square.jpg\",\"contentUrl\":\"https:\/\/chateaudutruch.com\/wp-content\/uploads\/2025\/06\/Chateau-Dutruch-Grand-Poujeaux-Bouteille-Square.jpg\",\"width\":1400,\"height\":1400},{\"@type\":\"BreadcrumbList\",\"@id\":\"https:\/\/chateaudutruch.com\/de\/produit\/chateau-dutruch-grand-poujeaux\/#breadcrumb\",\"itemListElement\":[{\"@type\":\"ListItem\",\"position\":1,\"name\":\"Accueil\",\"item\":\"https:\/\/chateaudutruch.com\/de\/startseite\/\"},{\"@type\":\"ListItem\",\"position\":2,\"name\":\"Shop\",\"item\":\"https:\/\/chateaudutruch.com\/de\/shop\/\"},{\"@type\":\"ListItem\",\"position\":3,\"name\":\"Chateau Dutruch Grand Poujeaux &#8211; &#8211;\"}]},{\"@type\":\"WebSite\",\"@id\":\"https:\/\/chateaudutruch.com\/de\/#website\",\"url\":\"https:\/\/chateaudutruch.com\/de\/\",\"name\":\"Ch\u00e2teau Dutruch\",\"description\":\"Ch\u00e2teau Dutruch Grand Poujeaux - Vin de Moulis en M\u00e9doc\",\"publisher\":{\"@id\":\"https:\/\/chateaudutruch.com\/de\/#organization\"},\"potentialAction\":[{\"@type\":\"SearchAction\",\"target\":{\"@type\":\"EntryPoint\",\"urlTemplate\":\"https:\/\/chateaudutruch.com\/de\/?s={search_term_string}\"},\"query-input\":{\"@type\":\"PropertyValueSpecification\",\"valueRequired\":true,\"valueName\":\"search_term_string\"}}],\"inLanguage\":\"de\"},{\"@type\":\"Organization\",\"@id\":\"https:\/\/chateaudutruch.com\/de\/#organization\",\"name\":\"Ch\u00e2teau Dutruch\",\"url\":\"https:\/\/chateaudutruch.com\/de\/\",\"logo\":{\"@type\":\"ImageObject\",\"inLanguage\":\"de\",\"@id\":\"https:\/\/chateaudutruch.com\/de\/#\/schema\/logo\/image\/\",\"url\":\"https:\/\/chateaudutruch.com\/wp-content\/uploads\/2025\/06\/CH-DUTRUCH-GRAND-POUJEAUX-Moulis-en-Medoc-Logo-Noir.png\",\"contentUrl\":\"https:\/\/chateaudutruch.com\/wp-content\/uploads\/2025\/06\/CH-DUTRUCH-GRAND-POUJEAUX-Moulis-en-Medoc-Logo-Noir.png\",\"width\":567,\"height\":220,\"caption\":\"Ch\u00e2teau Dutruch\"},\"image\":{\"@id\":\"https:\/\/chateaudutruch.com\/de\/#\/schema\/logo\/image\/\"}}]}<\/script>\n<!-- \/ Yoast SEO plugin. -->","yoast_head_json":{"title":"Chateau Dutruch Grand Poujeaux - Ch\u00e2teau Dutruch","robots":{"index":"index","follow":"follow","max-snippet":"max-snippet:-1","max-image-preview":"max-image-preview:large","max-video-preview":"max-video-preview:-1"},"canonical":"https:\/\/chateaudutruch.com\/de\/produit\/chateau-dutruch-grand-poujeaux\/","og_locale":"de_DE","og_type":"article","og_title":"Chateau Dutruch Grand Poujeaux - Ch\u00e2teau Dutruch","og_description":"Die Rebsorte Cabernet Sauvignon ist das Flaggschiff des Weinguts und der Ausdruck unseres Terroirs. Das Ergebnis einer Assemblage, bei der diese Rebsorte im Stil der Grands Crus des M\u00e9doc dominiert, zeichnet sich durch seine Frische, Finesse und Eleganz aus. Diese Alchemie wird durch die historischen Rebsorten der Appellation verfeinert: Merlot, Cabernet Franc und Petit Verdot.   \ud83c\udf47 Das Wort des Winzers  \"Jeder Wein, den wir auf Ch\u00e2teau Dutruch Grand Poujeaux kreieren, ist der Ausdruck der Familie durch die Leidenschaft f\u00fcr die Natur und den Respekt f\u00fcr das Terroir. Unsere Verpflichtung ist es, Ihnen Cuv\u00e9es anzubieten, die die Geschichte unseres Weinguts erz\u00e4hlen, mit all der Authentizit\u00e4t und Finesse, die jede Flasche verdient.\" - Fran\u00e7ois Cordonnier","og_url":"https:\/\/chateaudutruch.com\/de\/produit\/chateau-dutruch-grand-poujeaux\/","og_site_name":"Ch\u00e2teau Dutruch","og_image":[{"width":1400,"height":1400,"url":"https:\/\/chateaudutruch.com\/wp-content\/uploads\/2025\/06\/Chateau-Dutruch-Grand-Poujeaux-Bouteille-Square.jpg","type":"image\/jpeg"}],"twitter_card":"summary_large_image","twitter_misc":{"Gesch\u00e4tzte Lesezeit":"1\u00a0Minute"},"schema":{"@context":"https:\/\/schema.org","@graph":[{"@type":"WebPage","@id":"https:\/\/chateaudutruch.com\/de\/produit\/chateau-dutruch-grand-poujeaux\/","url":"https:\/\/chateaudutruch.com\/de\/produit\/chateau-dutruch-grand-poujeaux\/","name":"Chateau Dutruch Grand Poujeaux - Ch\u00e2teau Dutruch","isPartOf":{"@id":"https:\/\/chateaudutruch.com\/de\/#website"},"primaryImageOfPage":{"@id":"https:\/\/chateaudutruch.com\/de\/produit\/chateau-dutruch-grand-poujeaux\/#primaryimage"},"image":{"@id":"https:\/\/chateaudutruch.com\/de\/produit\/chateau-dutruch-grand-poujeaux\/#primaryimage"},"thumbnailUrl":"https:\/\/chateaudutruch.com\/wp-content\/uploads\/2025\/06\/Chateau-Dutruch-Grand-Poujeaux-Bouteille-Square.jpg","datePublished":"2025-06-23T16:24:50+00:00","breadcrumb":{"@id":"https:\/\/chateaudutruch.com\/de\/produit\/chateau-dutruch-grand-poujeaux\/#breadcrumb"},"inLanguage":"de","potentialAction":[{"@type":"ReadAction","target":["https:\/\/chateaudutruch.com\/de\/produit\/chateau-dutruch-grand-poujeaux\/"]}]},{"@type":"ImageObject","inLanguage":"de","@id":"https:\/\/chateaudutruch.com\/de\/produit\/chateau-dutruch-grand-poujeaux\/#primaryimage","url":"https:\/\/chateaudutruch.com\/wp-content\/uploads\/2025\/06\/Chateau-Dutruch-Grand-Poujeaux-Bouteille-Square.jpg","contentUrl":"https:\/\/chateaudutruch.com\/wp-content\/uploads\/2025\/06\/Chateau-Dutruch-Grand-Poujeaux-Bouteille-Square.jpg","width":1400,"height":1400},{"@type":"BreadcrumbList","@id":"https:\/\/chateaudutruch.com\/de\/produit\/chateau-dutruch-grand-poujeaux\/#breadcrumb","itemListElement":[{"@type":"ListItem","position":1,"name":"Accueil","item":"https:\/\/chateaudutruch.com\/de\/startseite\/"},{"@type":"ListItem","position":2,"name":"Shop","item":"https:\/\/chateaudutruch.com\/de\/shop\/"},{"@type":"ListItem","position":3,"name":"Chateau Dutruch Grand Poujeaux &#8211; &#8211;"}]},{"@type":"WebSite","@id":"https:\/\/chateaudutruch.com\/de\/#website","url":"https:\/\/chateaudutruch.com\/de\/","name":"Ch\u00e2teau Dutruch","description":"Ch\u00e2teau Dutruch Grand Poujeaux - Vin de Moulis en M\u00e9doc","publisher":{"@id":"https:\/\/chateaudutruch.com\/de\/#organization"},"potentialAction":[{"@type":"SearchAction","target":{"@type":"EntryPoint","urlTemplate":"https:\/\/chateaudutruch.com\/de\/?s={search_term_string}"},"query-input":{"@type":"PropertyValueSpecification","valueRequired":true,"valueName":"search_term_string"}}],"inLanguage":"de"},{"@type":"Organization","@id":"https:\/\/chateaudutruch.com\/de\/#organization","name":"Ch\u00e2teau Dutruch","url":"https:\/\/chateaudutruch.com\/de\/","logo":{"@type":"ImageObject","inLanguage":"de","@id":"https:\/\/chateaudutruch.com\/de\/#\/schema\/logo\/image\/","url":"https:\/\/chateaudutruch.com\/wp-content\/uploads\/2025\/06\/CH-DUTRUCH-GRAND-POUJEAUX-Moulis-en-Medoc-Logo-Noir.png","contentUrl":"https:\/\/chateaudutruch.com\/wp-content\/uploads\/2025\/06\/CH-DUTRUCH-GRAND-POUJEAUX-Moulis-en-Medoc-Logo-Noir.png","width":567,"height":220,"caption":"Ch\u00e2teau Dutruch"},"image":{"@id":"https:\/\/chateaudutruch.com\/de\/#\/schema\/logo\/image\/"}}]}},"_links":{"self":[{"href":"https:\/\/chateaudutruch.com\/de\/wp-json\/wp\/v2\/product\/965","targetHints":{"allow":["GET"]}}],"collection":[{"href":"https:\/\/chateaudutruch.com\/de\/wp-json\/wp\/v2\/product"}],"about":[{"href":"https:\/\/chateaudutruch.com\/de\/wp-json\/wp\/v2\/types\/product"}],"replies":[{"embeddable":true,"href":"https:\/\/chateaudutruch.com\/de\/wp-json\/wp\/v2\/comments?post=965"}],"wp:featuredmedia":[{"embeddable":true,"href":"https:\/\/chateaudutruch.com\/de\/wp-json\/wp\/v2\/media\/560"}],"wp:attachment":[{"href":"https:\/\/chateaudutruch.com\/de\/wp-json\/wp\/v2\/media?parent=965"}],"wp:term":[{"taxonomy":"product_brand","embeddable":true,"href":"https:\/\/chateaudutruch.com\/de\/wp-json\/wp\/v2\/product_brand?post=965"},{"taxonomy":"product_cat","embeddable":true,"href":"https:\/\/chateaudutruch.com\/de\/wp-json\/wp\/v2\/product_cat?post=965"},{"taxonomy":"product_tag","embeddable":true,"href":"https:\/\/chateaudutruch.com\/de\/wp-json\/wp\/v2\/product_tag?post=965"}],"curies":[{"name":"wp","href":"https:\/\/api.w.org\/{rel}","templated":true}]}}