{"id":984,"date":"2025-07-07T08:44:36","date_gmt":"2025-07-07T08:44:36","guid":{"rendered":"https:\/\/chateaudutruch.com\/produit\/pur-rose-jahrgang-2024\/"},"modified":"2025-11-19T12:23:19","modified_gmt":"2025-11-19T12:23:19","slug":"pur-rose-jahrgang-2024","status":"publish","type":"product","link":"https:\/\/chateaudutruch.com\/de\/produit\/pur-rose-jahrgang-2024\/","title":{"rendered":"Pur Ros\u00e9 &#8211; Jahrgang 2024"},"content":{"rendered":"<p>Unser Ros\u00e9 ist seit dem Jahrgang 2023 auf dem Markt. Nach diesem gro\u00dfen Erfolg haben wir beschlossen, den <g id=\"gid_0\">neuen Jahrgang 2024<\/g> auf den Markt zu bringen. Seine helle Farbe mit silbernen Reflexen enth\u00fcllt ein <strong>blumiges Bouquet mit Noten von Hibiskus<\/strong> und Weinbergpfirsich.  <\/p>\n<p>Seine Frische am Gaumen mit einer wunderbaren Spannung l\u00e4sst an einen Wein denken, der aus einer bekannten Appellation im S\u00fcdosten stammen k\u00f6nnte.<\/p>\n<p>Perfekt <strong>zu Sushi, gegrilltem Fleisch und Eisdesserts. <\/strong> <\/p>\n<p>&nbsp;<\/p>\n","protected":false},"excerpt":{"rendered":"<p>&nbsp;<\/p>\n<p>Die Rebsorte Cabernet Sauvignon ist das Flaggschiff des Weinguts und der Ausdruck unseres Terroirs. Das Ergebnis einer Assemblage, bei der diese Rebsorte im Stil der Grands Crus des M\u00e9doc dominiert, zeichnet sich durch seine Frische, Finesse und Eleganz aus. Diese Alchemie wird durch die historischen Rebsorten der Appellation sublimiert: Merlot, Cabernet Franc und Petit Verdot.  <\/p>\n<p><strong><span class=\"summary__title\"><span class=\"accordion__title\">  \ud83c\udf47 Das Wort des Winzers<\/span><\/span><\/strong><\/p>\n<div class=\"accordion__content rte\">\n<p><em>&#8220;Jeder Wein, den wir auf Ch\u00e2teau Dutruch Grand Poujeaux kreieren, ist der Ausdruck der Familie durch eine Leidenschaft f\u00fcr die Natur und den Respekt f\u00fcr das Terroir. Unsere Verpflichtung ist es, Ihnen Cuv\u00e9es anzubieten, die die Geschichte unseres Weinguts erz\u00e4hlen, mit all der Authentizit\u00e4t und Finesse, die jede Flasche verdient.&#8221;<\/em><\/p>\n<\/div>\n","protected":false},"featured_media":971,"comment_status":"open","ping_status":"closed","template":"","meta":{"_eb_attr":""},"product_brand":[],"product_cat":[51],"product_tag":[],"class_list":{"0":"post-984","1":"product","2":"type-product","3":"status-publish","4":"has-post-thumbnail","6":"product_cat-rosewein","8":"first","9":"instock","10":"taxable","11":"shipping-taxable","12":"purchasable","13":"product-type-simple"},"yoast_head":"<!-- This site is optimized with the Yoast SEO plugin v26.6 - https:\/\/yoast.com\/wordpress\/plugins\/seo\/ -->\n<title>Pur Ros\u00e9 - Jahrgang 2024 - Ch\u00e2teau Dutruch<\/title>\n<meta name=\"robots\" content=\"index, follow, max-snippet:-1, max-image-preview:large, max-video-preview:-1\" \/>\n<link rel=\"canonical\" href=\"https:\/\/chateaudutruch.com\/de\/produit\/pur-rose-jahrgang-2024\/\" \/>\n<meta property=\"og:locale\" content=\"de_DE\" \/>\n<meta property=\"og:type\" content=\"article\" \/>\n<meta property=\"og:title\" content=\"Pur Ros\u00e9 - Jahrgang 2024 - Ch\u00e2teau Dutruch\" \/>\n<meta property=\"og:description\" content=\"&nbsp; Die Rebsorte Cabernet Sauvignon ist das Flaggschiff des Weinguts und der Ausdruck unseres Terroirs. Das Ergebnis einer Assemblage, bei der diese Rebsorte im Stil der Grands Crus des M\u00e9doc dominiert, zeichnet sich durch seine Frische, Finesse und Eleganz aus. Diese Alchemie wird durch die historischen Rebsorten der Appellation sublimiert: Merlot, Cabernet Franc und Petit Verdot.   \ud83c\udf47 Das Wort des Winzers  &quot;Jeder Wein, den wir auf Ch\u00e2teau Dutruch Grand Poujeaux kreieren, ist der Ausdruck der Familie durch eine Leidenschaft f\u00fcr die Natur und den Respekt f\u00fcr das Terroir. Unsere Verpflichtung ist es, Ihnen Cuv\u00e9es anzubieten, die die Geschichte unseres Weinguts erz\u00e4hlen, mit all der Authentizit\u00e4t und Finesse, die jede Flasche verdient.&quot;\" \/>\n<meta property=\"og:url\" content=\"https:\/\/chateaudutruch.com\/de\/produit\/pur-rose-jahrgang-2024\/\" \/>\n<meta property=\"og:site_name\" content=\"Ch\u00e2teau Dutruch\" \/>\n<meta property=\"article:modified_time\" content=\"2025-11-19T12:23:19+00:00\" \/>\n<meta property=\"og:image\" content=\"https:\/\/chateaudutruch.com\/wp-content\/uploads\/2025\/06\/Pur-Rose-Bouteille-Square.jpg\" \/>\n\t<meta property=\"og:image:width\" content=\"1400\" \/>\n\t<meta property=\"og:image:height\" content=\"1400\" \/>\n\t<meta property=\"og:image:type\" content=\"image\/jpeg\" \/>\n<meta name=\"twitter:card\" content=\"summary_large_image\" \/>\n<script type=\"application\/ld+json\" class=\"yoast-schema-graph\">{\"@context\":\"https:\/\/schema.org\",\"@graph\":[{\"@type\":\"WebPage\",\"@id\":\"https:\/\/chateaudutruch.com\/de\/produit\/pur-rose-jahrgang-2024\/\",\"url\":\"https:\/\/chateaudutruch.com\/de\/produit\/pur-rose-jahrgang-2024\/\",\"name\":\"Pur Ros\u00e9 - Jahrgang 2024 - Ch\u00e2teau Dutruch\",\"isPartOf\":{\"@id\":\"https:\/\/chateaudutruch.com\/de\/#website\"},\"primaryImageOfPage\":{\"@id\":\"https:\/\/chateaudutruch.com\/de\/produit\/pur-rose-jahrgang-2024\/#primaryimage\"},\"image\":{\"@id\":\"https:\/\/chateaudutruch.com\/de\/produit\/pur-rose-jahrgang-2024\/#primaryimage\"},\"thumbnailUrl\":\"https:\/\/chateaudutruch.com\/wp-content\/uploads\/2025\/06\/Pur-Rose-Bouteille-Square.jpg\",\"datePublished\":\"2025-07-07T08:44:36+00:00\",\"dateModified\":\"2025-11-19T12:23:19+00:00\",\"breadcrumb\":{\"@id\":\"https:\/\/chateaudutruch.com\/de\/produit\/pur-rose-jahrgang-2024\/#breadcrumb\"},\"inLanguage\":\"de\",\"potentialAction\":[{\"@type\":\"ReadAction\",\"target\":[\"https:\/\/chateaudutruch.com\/de\/produit\/pur-rose-jahrgang-2024\/\"]}]},{\"@type\":\"ImageObject\",\"inLanguage\":\"de\",\"@id\":\"https:\/\/chateaudutruch.com\/de\/produit\/pur-rose-jahrgang-2024\/#primaryimage\",\"url\":\"https:\/\/chateaudutruch.com\/wp-content\/uploads\/2025\/06\/Pur-Rose-Bouteille-Square.jpg\",\"contentUrl\":\"https:\/\/chateaudutruch.com\/wp-content\/uploads\/2025\/06\/Pur-Rose-Bouteille-Square.jpg\",\"width\":1400,\"height\":1400},{\"@type\":\"BreadcrumbList\",\"@id\":\"https:\/\/chateaudutruch.com\/de\/produit\/pur-rose-jahrgang-2024\/#breadcrumb\",\"itemListElement\":[{\"@type\":\"ListItem\",\"position\":1,\"name\":\"Accueil\",\"item\":\"https:\/\/chateaudutruch.com\/de\/startseite\/\"},{\"@type\":\"ListItem\",\"position\":2,\"name\":\"Shop\",\"item\":\"https:\/\/chateaudutruch.com\/de\/shop\/\"},{\"@type\":\"ListItem\",\"position\":3,\"name\":\"Pur Ros\u00e9 &#8211; Jahrgang 2024\"}]},{\"@type\":\"WebSite\",\"@id\":\"https:\/\/chateaudutruch.com\/de\/#website\",\"url\":\"https:\/\/chateaudutruch.com\/de\/\",\"name\":\"Ch\u00e2teau Dutruch\",\"description\":\"Ch\u00e2teau Dutruch Grand Poujeaux - Vin de Moulis en M\u00e9doc\",\"publisher\":{\"@id\":\"https:\/\/chateaudutruch.com\/de\/#organization\"},\"potentialAction\":[{\"@type\":\"SearchAction\",\"target\":{\"@type\":\"EntryPoint\",\"urlTemplate\":\"https:\/\/chateaudutruch.com\/de\/?s={search_term_string}\"},\"query-input\":{\"@type\":\"PropertyValueSpecification\",\"valueRequired\":true,\"valueName\":\"search_term_string\"}}],\"inLanguage\":\"de\"},{\"@type\":\"Organization\",\"@id\":\"https:\/\/chateaudutruch.com\/de\/#organization\",\"name\":\"Ch\u00e2teau Dutruch\",\"url\":\"https:\/\/chateaudutruch.com\/de\/\",\"logo\":{\"@type\":\"ImageObject\",\"inLanguage\":\"de\",\"@id\":\"https:\/\/chateaudutruch.com\/de\/#\/schema\/logo\/image\/\",\"url\":\"https:\/\/chateaudutruch.com\/wp-content\/uploads\/2025\/06\/CH-DUTRUCH-GRAND-POUJEAUX-Moulis-en-Medoc-Logo-Noir.png\",\"contentUrl\":\"https:\/\/chateaudutruch.com\/wp-content\/uploads\/2025\/06\/CH-DUTRUCH-GRAND-POUJEAUX-Moulis-en-Medoc-Logo-Noir.png\",\"width\":567,\"height\":220,\"caption\":\"Ch\u00e2teau Dutruch\"},\"image\":{\"@id\":\"https:\/\/chateaudutruch.com\/de\/#\/schema\/logo\/image\/\"}}]}<\/script>\n<!-- \/ Yoast SEO plugin. -->","yoast_head_json":{"title":"Pur Ros\u00e9 - Jahrgang 2024 - Ch\u00e2teau Dutruch","robots":{"index":"index","follow":"follow","max-snippet":"max-snippet:-1","max-image-preview":"max-image-preview:large","max-video-preview":"max-video-preview:-1"},"canonical":"https:\/\/chateaudutruch.com\/de\/produit\/pur-rose-jahrgang-2024\/","og_locale":"de_DE","og_type":"article","og_title":"Pur Ros\u00e9 - Jahrgang 2024 - Ch\u00e2teau Dutruch","og_description":"&nbsp; Die Rebsorte Cabernet Sauvignon ist das Flaggschiff des Weinguts und der Ausdruck unseres Terroirs. Das Ergebnis einer Assemblage, bei der diese Rebsorte im Stil der Grands Crus des M\u00e9doc dominiert, zeichnet sich durch seine Frische, Finesse und Eleganz aus. Diese Alchemie wird durch die historischen Rebsorten der Appellation sublimiert: Merlot, Cabernet Franc und Petit Verdot.   \ud83c\udf47 Das Wort des Winzers  \"Jeder Wein, den wir auf Ch\u00e2teau Dutruch Grand Poujeaux kreieren, ist der Ausdruck der Familie durch eine Leidenschaft f\u00fcr die Natur und den Respekt f\u00fcr das Terroir. Unsere Verpflichtung ist es, Ihnen Cuv\u00e9es anzubieten, die die Geschichte unseres Weinguts erz\u00e4hlen, mit all der Authentizit\u00e4t und Finesse, die jede Flasche verdient.\"","og_url":"https:\/\/chateaudutruch.com\/de\/produit\/pur-rose-jahrgang-2024\/","og_site_name":"Ch\u00e2teau Dutruch","article_modified_time":"2025-11-19T12:23:19+00:00","og_image":[{"width":1400,"height":1400,"url":"https:\/\/chateaudutruch.com\/wp-content\/uploads\/2025\/06\/Pur-Rose-Bouteille-Square.jpg","type":"image\/jpeg"}],"twitter_card":"summary_large_image","schema":{"@context":"https:\/\/schema.org","@graph":[{"@type":"WebPage","@id":"https:\/\/chateaudutruch.com\/de\/produit\/pur-rose-jahrgang-2024\/","url":"https:\/\/chateaudutruch.com\/de\/produit\/pur-rose-jahrgang-2024\/","name":"Pur Ros\u00e9 - Jahrgang 2024 - Ch\u00e2teau Dutruch","isPartOf":{"@id":"https:\/\/chateaudutruch.com\/de\/#website"},"primaryImageOfPage":{"@id":"https:\/\/chateaudutruch.com\/de\/produit\/pur-rose-jahrgang-2024\/#primaryimage"},"image":{"@id":"https:\/\/chateaudutruch.com\/de\/produit\/pur-rose-jahrgang-2024\/#primaryimage"},"thumbnailUrl":"https:\/\/chateaudutruch.com\/wp-content\/uploads\/2025\/06\/Pur-Rose-Bouteille-Square.jpg","datePublished":"2025-07-07T08:44:36+00:00","dateModified":"2025-11-19T12:23:19+00:00","breadcrumb":{"@id":"https:\/\/chateaudutruch.com\/de\/produit\/pur-rose-jahrgang-2024\/#breadcrumb"},"inLanguage":"de","potentialAction":[{"@type":"ReadAction","target":["https:\/\/chateaudutruch.com\/de\/produit\/pur-rose-jahrgang-2024\/"]}]},{"@type":"ImageObject","inLanguage":"de","@id":"https:\/\/chateaudutruch.com\/de\/produit\/pur-rose-jahrgang-2024\/#primaryimage","url":"https:\/\/chateaudutruch.com\/wp-content\/uploads\/2025\/06\/Pur-Rose-Bouteille-Square.jpg","contentUrl":"https:\/\/chateaudutruch.com\/wp-content\/uploads\/2025\/06\/Pur-Rose-Bouteille-Square.jpg","width":1400,"height":1400},{"@type":"BreadcrumbList","@id":"https:\/\/chateaudutruch.com\/de\/produit\/pur-rose-jahrgang-2024\/#breadcrumb","itemListElement":[{"@type":"ListItem","position":1,"name":"Accueil","item":"https:\/\/chateaudutruch.com\/de\/startseite\/"},{"@type":"ListItem","position":2,"name":"Shop","item":"https:\/\/chateaudutruch.com\/de\/shop\/"},{"@type":"ListItem","position":3,"name":"Pur Ros\u00e9 &#8211; Jahrgang 2024"}]},{"@type":"WebSite","@id":"https:\/\/chateaudutruch.com\/de\/#website","url":"https:\/\/chateaudutruch.com\/de\/","name":"Ch\u00e2teau Dutruch","description":"Ch\u00e2teau Dutruch Grand Poujeaux - Vin de Moulis en M\u00e9doc","publisher":{"@id":"https:\/\/chateaudutruch.com\/de\/#organization"},"potentialAction":[{"@type":"SearchAction","target":{"@type":"EntryPoint","urlTemplate":"https:\/\/chateaudutruch.com\/de\/?s={search_term_string}"},"query-input":{"@type":"PropertyValueSpecification","valueRequired":true,"valueName":"search_term_string"}}],"inLanguage":"de"},{"@type":"Organization","@id":"https:\/\/chateaudutruch.com\/de\/#organization","name":"Ch\u00e2teau Dutruch","url":"https:\/\/chateaudutruch.com\/de\/","logo":{"@type":"ImageObject","inLanguage":"de","@id":"https:\/\/chateaudutruch.com\/de\/#\/schema\/logo\/image\/","url":"https:\/\/chateaudutruch.com\/wp-content\/uploads\/2025\/06\/CH-DUTRUCH-GRAND-POUJEAUX-Moulis-en-Medoc-Logo-Noir.png","contentUrl":"https:\/\/chateaudutruch.com\/wp-content\/uploads\/2025\/06\/CH-DUTRUCH-GRAND-POUJEAUX-Moulis-en-Medoc-Logo-Noir.png","width":567,"height":220,"caption":"Ch\u00e2teau Dutruch"},"image":{"@id":"https:\/\/chateaudutruch.com\/de\/#\/schema\/logo\/image\/"}}]}},"_links":{"self":[{"href":"https:\/\/chateaudutruch.com\/de\/wp-json\/wp\/v2\/product\/984","targetHints":{"allow":["GET"]}}],"collection":[{"href":"https:\/\/chateaudutruch.com\/de\/wp-json\/wp\/v2\/product"}],"about":[{"href":"https:\/\/chateaudutruch.com\/de\/wp-json\/wp\/v2\/types\/product"}],"replies":[{"embeddable":true,"href":"https:\/\/chateaudutruch.com\/de\/wp-json\/wp\/v2\/comments?post=984"}],"wp:featuredmedia":[{"embeddable":true,"href":"https:\/\/chateaudutruch.com\/de\/wp-json\/wp\/v2\/media\/971"}],"wp:attachment":[{"href":"https:\/\/chateaudutruch.com\/de\/wp-json\/wp\/v2\/media?parent=984"}],"wp:term":[{"taxonomy":"product_brand","embeddable":true,"href":"https:\/\/chateaudutruch.com\/de\/wp-json\/wp\/v2\/product_brand?post=984"},{"taxonomy":"product_cat","embeddable":true,"href":"https:\/\/chateaudutruch.com\/de\/wp-json\/wp\/v2\/product_cat?post=984"},{"taxonomy":"product_tag","embeddable":true,"href":"https:\/\/chateaudutruch.com\/de\/wp-json\/wp\/v2\/product_tag?post=984"}],"curies":[{"name":"wp","href":"https:\/\/api.w.org\/{rel}","templated":true}]}}