{"id":991,"date":"2025-06-24T12:56:11","date_gmt":"2025-06-24T12:56:11","guid":{"rendered":"https:\/\/chateaudutruch.com\/produit\/reiner-merlot-jahrgang-2022\/"},"modified":"2025-06-24T12:56:11","modified_gmt":"2025-06-24T12:56:11","slug":"reiner-merlot-jahrgang-2022","status":"publish","type":"product","link":"https:\/\/chateaudutruch.com\/de\/produit\/reiner-merlot-jahrgang-2022\/","title":{"rendered":"Reiner Merlot &#8211; Jahrgang 2022"},"content":{"rendered":"<div class=\"mt-5 flex md:flex-row flex-col justify-between md:items-center\">\n<div class=\"flex flex-col justify-around ml-5\">\n<div><\/div>\n<\/div>\n<\/div>\n<div class=\"md:mt-0 mt-5\">\n<p class=\"font-cormorant text-[19px]\">Der erste Jahrgang des Sortiments hat eine rubinrote Farbe, gl\u00e4nzend und intensiv. Der Auftakt ist frisch, der Geschmack ist rund und fein. Diese Cuv\u00e9e aus 100% Merlot, die zu 30% in Amphoren und zu 70% in 2-Wein-F\u00e4ssern ausgebaut wurde, zeigt die ganze Sch\u00f6nheit der Merlot-Traube, die unseren Weinen einen k\u00f6stlichen und gro\u00dfz\u00fcgigen Geschmack verleiht.  <\/p>\n<p class=\"font-cormorant text-[19px] mt-2\">Das enge und k\u00f6rnige Tanninger\u00fcst ist ein Zeichen f\u00fcr den Ausbau in Amphoren. Die leichte Holznote der Barriques ist pr\u00e4sent, aber diskret. <\/p>\n<p class=\"font-cormorant text-[19px] mt-2\">Wir empfehlen, diesen Merlot 2022 innerhalb von 5 Jahren zu trinken, obwohl er problemlos l\u00e4nger gelagert werden kann.<\/p>\n<\/div>\n","protected":false},"excerpt":{"rendered":"<p class=\"text-red font-cormorant mt-5 font-bold text-[20px]\">Die Produktreihe &#8220;pur&#8221; ist eine Stil\u00fcbung, eine Absicht, eine oder mehrere Rebsorten pro Jahrgang in den Vordergrund zu stellen. Wie eine Pantone, von der sich das Etikett inspirieren l\u00e4sst, ist jede Charge unsere Definition der hervorgehobenen Rebsorte, ihrer Typizit\u00e4t und ihrer Sorteneigenschaften. <\/p>\n<p><strong><span class=\"summary__title\"><span class=\"accordion__title\">  \ud83c\udf47 Das Wort des Winzers<\/span><\/span><\/strong><\/p>\n<div class=\"accordion__content rte\">\n<p><em>&#8220;Jeder Wein, den wir auf Ch\u00e2teau Dutruch Grand Poujeaux kreieren, ist der Ausdruck der Familie durch eine Leidenschaft f\u00fcr die Natur und den Respekt f\u00fcr das Terroir. Unsere Verpflichtung ist es, Ihnen Cuv\u00e9es anzubieten, die die Geschichte unseres Weinguts erz\u00e4hlen, mit all der Authentizit\u00e4t und Finesse, die jede Flasche verdient.&#8221;<\/em><\/p>\n<\/div>\n","protected":false},"featured_media":554,"comment_status":"open","ping_status":"closed","template":"","meta":{"_eb_attr":""},"product_brand":[],"product_cat":[50],"product_tag":[],"class_list":{"0":"post-991","1":"product","2":"type-product","3":"status-publish","4":"has-post-thumbnail","6":"product_cat-rotwein","8":"first","9":"instock","10":"taxable","11":"shipping-taxable","12":"purchasable","13":"product-type-simple"},"yoast_head":"<!-- This site is optimized with the Yoast SEO plugin v26.6 - https:\/\/yoast.com\/wordpress\/plugins\/seo\/ -->\n<title>Reiner Merlot - Jahrgang 2022 - Ch\u00e2teau Dutruch<\/title>\n<meta name=\"robots\" content=\"index, follow, max-snippet:-1, max-image-preview:large, max-video-preview:-1\" \/>\n<link rel=\"canonical\" href=\"https:\/\/chateaudutruch.com\/de\/produit\/reiner-merlot-jahrgang-2022\/\" \/>\n<meta property=\"og:locale\" content=\"de_DE\" \/>\n<meta property=\"og:type\" content=\"article\" \/>\n<meta property=\"og:title\" content=\"Reiner Merlot - Jahrgang 2022 - Ch\u00e2teau Dutruch\" \/>\n<meta property=\"og:description\" content=\"Die Produktreihe &quot;pur&quot; ist eine Stil\u00fcbung, eine Absicht, eine oder mehrere Rebsorten pro Jahrgang in den Vordergrund zu stellen. Wie eine Pantone, von der sich das Etikett inspirieren l\u00e4sst, ist jede Charge unsere Definition der hervorgehobenen Rebsorte, ihrer Typizit\u00e4t und ihrer Sorteneigenschaften.  \ud83c\udf47 Das Wort des Winzers  &quot;Jeder Wein, den wir auf Ch\u00e2teau Dutruch Grand Poujeaux kreieren, ist der Ausdruck der Familie durch eine Leidenschaft f\u00fcr die Natur und den Respekt f\u00fcr das Terroir. Unsere Verpflichtung ist es, Ihnen Cuv\u00e9es anzubieten, die die Geschichte unseres Weinguts erz\u00e4hlen, mit all der Authentizit\u00e4t und Finesse, die jede Flasche verdient.&quot;\" \/>\n<meta property=\"og:url\" content=\"https:\/\/chateaudutruch.com\/de\/produit\/reiner-merlot-jahrgang-2022\/\" \/>\n<meta property=\"og:site_name\" content=\"Ch\u00e2teau Dutruch\" \/>\n<meta property=\"og:image\" content=\"https:\/\/chateaudutruch.com\/wp-content\/uploads\/2025\/06\/Pur-Merlot-Bouteille-Square.jpg\" \/>\n\t<meta property=\"og:image:width\" content=\"1400\" \/>\n\t<meta property=\"og:image:height\" content=\"1400\" \/>\n\t<meta property=\"og:image:type\" content=\"image\/jpeg\" \/>\n<meta name=\"twitter:card\" content=\"summary_large_image\" \/>\n<meta name=\"twitter:label1\" content=\"Gesch\u00e4tzte Lesezeit\" \/>\n\t<meta name=\"twitter:data1\" content=\"1\u00a0Minute\" \/>\n<script type=\"application\/ld+json\" class=\"yoast-schema-graph\">{\"@context\":\"https:\/\/schema.org\",\"@graph\":[{\"@type\":\"WebPage\",\"@id\":\"https:\/\/chateaudutruch.com\/de\/produit\/reiner-merlot-jahrgang-2022\/\",\"url\":\"https:\/\/chateaudutruch.com\/de\/produit\/reiner-merlot-jahrgang-2022\/\",\"name\":\"Reiner Merlot - Jahrgang 2022 - Ch\u00e2teau Dutruch\",\"isPartOf\":{\"@id\":\"https:\/\/chateaudutruch.com\/de\/#website\"},\"primaryImageOfPage\":{\"@id\":\"https:\/\/chateaudutruch.com\/de\/produit\/reiner-merlot-jahrgang-2022\/#primaryimage\"},\"image\":{\"@id\":\"https:\/\/chateaudutruch.com\/de\/produit\/reiner-merlot-jahrgang-2022\/#primaryimage\"},\"thumbnailUrl\":\"https:\/\/chateaudutruch.com\/wp-content\/uploads\/2025\/06\/Pur-Merlot-Bouteille-Square.jpg\",\"datePublished\":\"2025-06-24T12:56:11+00:00\",\"breadcrumb\":{\"@id\":\"https:\/\/chateaudutruch.com\/de\/produit\/reiner-merlot-jahrgang-2022\/#breadcrumb\"},\"inLanguage\":\"de\",\"potentialAction\":[{\"@type\":\"ReadAction\",\"target\":[\"https:\/\/chateaudutruch.com\/de\/produit\/reiner-merlot-jahrgang-2022\/\"]}]},{\"@type\":\"ImageObject\",\"inLanguage\":\"de\",\"@id\":\"https:\/\/chateaudutruch.com\/de\/produit\/reiner-merlot-jahrgang-2022\/#primaryimage\",\"url\":\"https:\/\/chateaudutruch.com\/wp-content\/uploads\/2025\/06\/Pur-Merlot-Bouteille-Square.jpg\",\"contentUrl\":\"https:\/\/chateaudutruch.com\/wp-content\/uploads\/2025\/06\/Pur-Merlot-Bouteille-Square.jpg\",\"width\":1400,\"height\":1400},{\"@type\":\"BreadcrumbList\",\"@id\":\"https:\/\/chateaudutruch.com\/de\/produit\/reiner-merlot-jahrgang-2022\/#breadcrumb\",\"itemListElement\":[{\"@type\":\"ListItem\",\"position\":1,\"name\":\"Accueil\",\"item\":\"https:\/\/chateaudutruch.com\/de\/startseite\/\"},{\"@type\":\"ListItem\",\"position\":2,\"name\":\"Shop\",\"item\":\"https:\/\/chateaudutruch.com\/de\/shop\/\"},{\"@type\":\"ListItem\",\"position\":3,\"name\":\"Reiner Merlot &#8211; Jahrgang 2022\"}]},{\"@type\":\"WebSite\",\"@id\":\"https:\/\/chateaudutruch.com\/de\/#website\",\"url\":\"https:\/\/chateaudutruch.com\/de\/\",\"name\":\"Ch\u00e2teau Dutruch\",\"description\":\"Ch\u00e2teau Dutruch Grand Poujeaux - Vin de Moulis en M\u00e9doc\",\"publisher\":{\"@id\":\"https:\/\/chateaudutruch.com\/de\/#organization\"},\"potentialAction\":[{\"@type\":\"SearchAction\",\"target\":{\"@type\":\"EntryPoint\",\"urlTemplate\":\"https:\/\/chateaudutruch.com\/de\/?s={search_term_string}\"},\"query-input\":{\"@type\":\"PropertyValueSpecification\",\"valueRequired\":true,\"valueName\":\"search_term_string\"}}],\"inLanguage\":\"de\"},{\"@type\":\"Organization\",\"@id\":\"https:\/\/chateaudutruch.com\/de\/#organization\",\"name\":\"Ch\u00e2teau Dutruch\",\"url\":\"https:\/\/chateaudutruch.com\/de\/\",\"logo\":{\"@type\":\"ImageObject\",\"inLanguage\":\"de\",\"@id\":\"https:\/\/chateaudutruch.com\/de\/#\/schema\/logo\/image\/\",\"url\":\"https:\/\/chateaudutruch.com\/wp-content\/uploads\/2025\/06\/CH-DUTRUCH-GRAND-POUJEAUX-Moulis-en-Medoc-Logo-Noir.png\",\"contentUrl\":\"https:\/\/chateaudutruch.com\/wp-content\/uploads\/2025\/06\/CH-DUTRUCH-GRAND-POUJEAUX-Moulis-en-Medoc-Logo-Noir.png\",\"width\":567,\"height\":220,\"caption\":\"Ch\u00e2teau Dutruch\"},\"image\":{\"@id\":\"https:\/\/chateaudutruch.com\/de\/#\/schema\/logo\/image\/\"}}]}<\/script>\n<!-- \/ Yoast SEO plugin. -->","yoast_head_json":{"title":"Reiner Merlot - Jahrgang 2022 - Ch\u00e2teau Dutruch","robots":{"index":"index","follow":"follow","max-snippet":"max-snippet:-1","max-image-preview":"max-image-preview:large","max-video-preview":"max-video-preview:-1"},"canonical":"https:\/\/chateaudutruch.com\/de\/produit\/reiner-merlot-jahrgang-2022\/","og_locale":"de_DE","og_type":"article","og_title":"Reiner Merlot - Jahrgang 2022 - Ch\u00e2teau Dutruch","og_description":"Die Produktreihe \"pur\" ist eine Stil\u00fcbung, eine Absicht, eine oder mehrere Rebsorten pro Jahrgang in den Vordergrund zu stellen. Wie eine Pantone, von der sich das Etikett inspirieren l\u00e4sst, ist jede Charge unsere Definition der hervorgehobenen Rebsorte, ihrer Typizit\u00e4t und ihrer Sorteneigenschaften.  \ud83c\udf47 Das Wort des Winzers  \"Jeder Wein, den wir auf Ch\u00e2teau Dutruch Grand Poujeaux kreieren, ist der Ausdruck der Familie durch eine Leidenschaft f\u00fcr die Natur und den Respekt f\u00fcr das Terroir. Unsere Verpflichtung ist es, Ihnen Cuv\u00e9es anzubieten, die die Geschichte unseres Weinguts erz\u00e4hlen, mit all der Authentizit\u00e4t und Finesse, die jede Flasche verdient.\"","og_url":"https:\/\/chateaudutruch.com\/de\/produit\/reiner-merlot-jahrgang-2022\/","og_site_name":"Ch\u00e2teau Dutruch","og_image":[{"width":1400,"height":1400,"url":"https:\/\/chateaudutruch.com\/wp-content\/uploads\/2025\/06\/Pur-Merlot-Bouteille-Square.jpg","type":"image\/jpeg"}],"twitter_card":"summary_large_image","twitter_misc":{"Gesch\u00e4tzte Lesezeit":"1\u00a0Minute"},"schema":{"@context":"https:\/\/schema.org","@graph":[{"@type":"WebPage","@id":"https:\/\/chateaudutruch.com\/de\/produit\/reiner-merlot-jahrgang-2022\/","url":"https:\/\/chateaudutruch.com\/de\/produit\/reiner-merlot-jahrgang-2022\/","name":"Reiner Merlot - Jahrgang 2022 - Ch\u00e2teau Dutruch","isPartOf":{"@id":"https:\/\/chateaudutruch.com\/de\/#website"},"primaryImageOfPage":{"@id":"https:\/\/chateaudutruch.com\/de\/produit\/reiner-merlot-jahrgang-2022\/#primaryimage"},"image":{"@id":"https:\/\/chateaudutruch.com\/de\/produit\/reiner-merlot-jahrgang-2022\/#primaryimage"},"thumbnailUrl":"https:\/\/chateaudutruch.com\/wp-content\/uploads\/2025\/06\/Pur-Merlot-Bouteille-Square.jpg","datePublished":"2025-06-24T12:56:11+00:00","breadcrumb":{"@id":"https:\/\/chateaudutruch.com\/de\/produit\/reiner-merlot-jahrgang-2022\/#breadcrumb"},"inLanguage":"de","potentialAction":[{"@type":"ReadAction","target":["https:\/\/chateaudutruch.com\/de\/produit\/reiner-merlot-jahrgang-2022\/"]}]},{"@type":"ImageObject","inLanguage":"de","@id":"https:\/\/chateaudutruch.com\/de\/produit\/reiner-merlot-jahrgang-2022\/#primaryimage","url":"https:\/\/chateaudutruch.com\/wp-content\/uploads\/2025\/06\/Pur-Merlot-Bouteille-Square.jpg","contentUrl":"https:\/\/chateaudutruch.com\/wp-content\/uploads\/2025\/06\/Pur-Merlot-Bouteille-Square.jpg","width":1400,"height":1400},{"@type":"BreadcrumbList","@id":"https:\/\/chateaudutruch.com\/de\/produit\/reiner-merlot-jahrgang-2022\/#breadcrumb","itemListElement":[{"@type":"ListItem","position":1,"name":"Accueil","item":"https:\/\/chateaudutruch.com\/de\/startseite\/"},{"@type":"ListItem","position":2,"name":"Shop","item":"https:\/\/chateaudutruch.com\/de\/shop\/"},{"@type":"ListItem","position":3,"name":"Reiner Merlot &#8211; Jahrgang 2022"}]},{"@type":"WebSite","@id":"https:\/\/chateaudutruch.com\/de\/#website","url":"https:\/\/chateaudutruch.com\/de\/","name":"Ch\u00e2teau Dutruch","description":"Ch\u00e2teau Dutruch Grand Poujeaux - Vin de Moulis en M\u00e9doc","publisher":{"@id":"https:\/\/chateaudutruch.com\/de\/#organization"},"potentialAction":[{"@type":"SearchAction","target":{"@type":"EntryPoint","urlTemplate":"https:\/\/chateaudutruch.com\/de\/?s={search_term_string}"},"query-input":{"@type":"PropertyValueSpecification","valueRequired":true,"valueName":"search_term_string"}}],"inLanguage":"de"},{"@type":"Organization","@id":"https:\/\/chateaudutruch.com\/de\/#organization","name":"Ch\u00e2teau Dutruch","url":"https:\/\/chateaudutruch.com\/de\/","logo":{"@type":"ImageObject","inLanguage":"de","@id":"https:\/\/chateaudutruch.com\/de\/#\/schema\/logo\/image\/","url":"https:\/\/chateaudutruch.com\/wp-content\/uploads\/2025\/06\/CH-DUTRUCH-GRAND-POUJEAUX-Moulis-en-Medoc-Logo-Noir.png","contentUrl":"https:\/\/chateaudutruch.com\/wp-content\/uploads\/2025\/06\/CH-DUTRUCH-GRAND-POUJEAUX-Moulis-en-Medoc-Logo-Noir.png","width":567,"height":220,"caption":"Ch\u00e2teau Dutruch"},"image":{"@id":"https:\/\/chateaudutruch.com\/de\/#\/schema\/logo\/image\/"}}]}},"_links":{"self":[{"href":"https:\/\/chateaudutruch.com\/de\/wp-json\/wp\/v2\/product\/991","targetHints":{"allow":["GET"]}}],"collection":[{"href":"https:\/\/chateaudutruch.com\/de\/wp-json\/wp\/v2\/product"}],"about":[{"href":"https:\/\/chateaudutruch.com\/de\/wp-json\/wp\/v2\/types\/product"}],"replies":[{"embeddable":true,"href":"https:\/\/chateaudutruch.com\/de\/wp-json\/wp\/v2\/comments?post=991"}],"wp:featuredmedia":[{"embeddable":true,"href":"https:\/\/chateaudutruch.com\/de\/wp-json\/wp\/v2\/media\/554"}],"wp:attachment":[{"href":"https:\/\/chateaudutruch.com\/de\/wp-json\/wp\/v2\/media?parent=991"}],"wp:term":[{"taxonomy":"product_brand","embeddable":true,"href":"https:\/\/chateaudutruch.com\/de\/wp-json\/wp\/v2\/product_brand?post=991"},{"taxonomy":"product_cat","embeddable":true,"href":"https:\/\/chateaudutruch.com\/de\/wp-json\/wp\/v2\/product_cat?post=991"},{"taxonomy":"product_tag","embeddable":true,"href":"https:\/\/chateaudutruch.com\/de\/wp-json\/wp\/v2\/product_tag?post=991"}],"curies":[{"name":"wp","href":"https:\/\/api.w.org\/{rel}","templated":true}]}}