{"id":997,"date":"2025-06-24T12:54:19","date_gmt":"2025-06-24T12:54:19","guid":{"rendered":"https:\/\/chateaudutruch.com\/produit\/chateau-dutruch-grand-poujeaux-cuvee-collection-jahrgang-2016\/"},"modified":"2025-06-24T12:54:19","modified_gmt":"2025-06-24T12:54:19","slug":"chateau-dutruch-grand-poujeaux-cuvee-collection-jahrgang-2016","status":"publish","type":"product","link":"https:\/\/chateaudutruch.com\/de\/produit\/chateau-dutruch-grand-poujeaux-cuvee-collection-jahrgang-2016\/","title":{"rendered":"Ch\u00e2teau Dutruch Grand Poujeaux &#8211; Cuv\u00e9e Collection Jahrgang 2016"},"content":{"rendered":"<div class=\"mt-5 flex md:flex-row flex-col justify-between md:items-center\">\n<div class=\"flex flex-col justify-around ml-5\">\n<div>\n<h1 class=\"font-bebas text-xl text-text mb-1 upercase text-[24px]\">Cuv\u00e9e Collection &#8211; Jahrgang 2016<\/h1>\n<h3 class=\"font-bebas text-xl text-text mb-1 upercase text-[24px]\">Terroir &amp; Weinberg<\/h3>\n<ul class=\"font-cormorant text-text text-sm\">\n<li class=\"flex items-center text-[19px]\">90% tiefe Graves Garonnaises<\/li>\n<li class=\"flex items-center text-[19px]\">10% Ton und Ton-Kalkstein<\/li>\n<li class=\"flex items-center text-[19px]\">Durchschnittsalter der Weinberge: 35 Jahre und mehr<\/li>\n<\/ul>\n<\/div>\n<div>\n<h3 class=\"font-bebas text-xl text-text mb-1 mt-4 upercase text-[24px]\">Weinbereitung<\/h3>\n<ul class=\"font-cormorant text-text text-sm\">\n<li class=\"flex items-center text-[19px]\">mechanische Weinlese<\/li>\n<li class=\"flex items-center text-[19px]\">temperaturgesteuerte Beton- und Edelstahltanks<\/li>\n<li class=\"flex items-center text-[19px]\">17 bis 25 Tage Mazeration<\/li>\n<\/ul>\n<\/div>\n<div>\n<h3 class=\"font-bebas text-xl text-text mb-1 mt-4 upercase text-[24px]\">Zucht<\/h3>\n<ul class=\"font-cormorant text-text text-sm\">\n<li class=\"flex items-center text-[19px]\">18 Monate, davon 12 Monate in F\u00e4ssern aus franz\u00f6sischer Eiche<\/li>\n<li class=\"flex items-center text-[19px]\">50% neue F\u00e4sser und 50% 1-Wein-F\u00e4sser<\/li>\n<\/ul>\n<\/div>\n<\/div>\n<\/div>\n<div class=\"md:mt-0 mt-5\">\n<h3 class=\"font-bebas text-xl text-text mb-1 upercase text-[24px]\">Verkostung<\/h3>\n<p class=\"font-cormorant text-text text-[19px]\">Das Bouquet von reifen Fr\u00fcchten, Himbeeren und schwarzen Johannisbeeren ist von gro\u00dfer Tiefe und wird von subtilen Aromen von ger\u00f6stetem Holz erg\u00e4nzt. Der Auftakt ist offen und pr\u00e4zise, der Mund reich, voll und frisch. Wir finden die subtile Kraft der gro\u00dfen M\u00e9doc mit einer bemerkenswerten Ausgewogenheit. Die Tannine sind pr\u00e4sent, aber bereits geschmolzen, der Abgang ist lang, frisch und saftig.   <\/p>\n<p class=\"font-cormorant text-text mt-2 text-[19px]\">Das Lagerungspotenzial betr\u00e4gt mindestens 15 Jahre.<\/p>\n<p class=\"font-cormorant text-text mt-2 text-[19px]\">Zusammenstellung: 70% Cabernet Sauvignon &#8211; 29% Merlot &#8211; 1% Petit Verdot<\/p>\n<\/div>\n","protected":false},"excerpt":{"rendered":"<p>Die Cuv\u00e9e Collection entstand aus unserem Wunsch, das volle Potenzial unserer gro\u00dfen Terroirs in au\u00dfergew\u00f6hnlichen Jahrg\u00e4ngen zu erforschen. Es ist eine Cuv\u00e9e der Spitzenklasse, f\u00fcr die wir uns auf die Suche nach Perfektion begeben haben. Jede Flasche ist einzigartig und nummeriert.  <\/p>\n","protected":false},"featured_media":556,"comment_status":"open","ping_status":"closed","template":"","meta":{"_eb_attr":""},"product_brand":[],"product_cat":[50],"product_tag":[],"class_list":{"0":"post-997","1":"product","2":"type-product","3":"status-publish","4":"has-post-thumbnail","6":"product_cat-rotwein","8":"first","9":"instock","10":"taxable","11":"shipping-taxable","12":"purchasable","13":"product-type-simple"},"yoast_head":"<!-- This site is optimized with the Yoast SEO plugin v26.6 - https:\/\/yoast.com\/wordpress\/plugins\/seo\/ -->\n<title>Ch\u00e2teau Dutruch Grand Poujeaux - Cuv\u00e9e Collection Jahrgang 2016 - Ch\u00e2teau Dutruch<\/title>\n<meta name=\"robots\" content=\"index, follow, max-snippet:-1, max-image-preview:large, max-video-preview:-1\" \/>\n<link rel=\"canonical\" href=\"https:\/\/chateaudutruch.com\/de\/produit\/chateau-dutruch-grand-poujeaux-cuvee-collection-jahrgang-2016\/\" \/>\n<meta property=\"og:locale\" content=\"de_DE\" \/>\n<meta property=\"og:type\" content=\"article\" \/>\n<meta property=\"og:title\" content=\"Ch\u00e2teau Dutruch Grand Poujeaux - Cuv\u00e9e Collection Jahrgang 2016 - Ch\u00e2teau Dutruch\" \/>\n<meta property=\"og:description\" content=\"Die Cuv\u00e9e Collection entstand aus unserem Wunsch, das volle Potenzial unserer gro\u00dfen Terroirs in au\u00dfergew\u00f6hnlichen Jahrg\u00e4ngen zu erforschen. Es ist eine Cuv\u00e9e der Spitzenklasse, f\u00fcr die wir uns auf die Suche nach Perfektion begeben haben. Jede Flasche ist einzigartig und nummeriert.\" \/>\n<meta property=\"og:url\" content=\"https:\/\/chateaudutruch.com\/de\/produit\/chateau-dutruch-grand-poujeaux-cuvee-collection-jahrgang-2016\/\" \/>\n<meta property=\"og:site_name\" content=\"Ch\u00e2teau Dutruch\" \/>\n<meta property=\"og:image\" content=\"https:\/\/chateaudutruch.com\/wp-content\/uploads\/2025\/06\/Chateau-Dutruch-Grand-Poujeaux-Collection-Bouteille-Square.jpg\" \/>\n\t<meta property=\"og:image:width\" content=\"1400\" \/>\n\t<meta property=\"og:image:height\" content=\"1400\" \/>\n\t<meta property=\"og:image:type\" content=\"image\/jpeg\" \/>\n<meta name=\"twitter:card\" content=\"summary_large_image\" \/>\n<meta name=\"twitter:label1\" content=\"Gesch\u00e4tzte Lesezeit\" \/>\n\t<meta name=\"twitter:data1\" content=\"1\u00a0Minute\" \/>\n<script type=\"application\/ld+json\" class=\"yoast-schema-graph\">{\"@context\":\"https:\/\/schema.org\",\"@graph\":[{\"@type\":\"WebPage\",\"@id\":\"https:\/\/chateaudutruch.com\/de\/produit\/chateau-dutruch-grand-poujeaux-cuvee-collection-jahrgang-2016\/\",\"url\":\"https:\/\/chateaudutruch.com\/de\/produit\/chateau-dutruch-grand-poujeaux-cuvee-collection-jahrgang-2016\/\",\"name\":\"Ch\u00e2teau Dutruch Grand Poujeaux - Cuv\u00e9e Collection Jahrgang 2016 - Ch\u00e2teau Dutruch\",\"isPartOf\":{\"@id\":\"https:\/\/chateaudutruch.com\/de\/#website\"},\"primaryImageOfPage\":{\"@id\":\"https:\/\/chateaudutruch.com\/de\/produit\/chateau-dutruch-grand-poujeaux-cuvee-collection-jahrgang-2016\/#primaryimage\"},\"image\":{\"@id\":\"https:\/\/chateaudutruch.com\/de\/produit\/chateau-dutruch-grand-poujeaux-cuvee-collection-jahrgang-2016\/#primaryimage\"},\"thumbnailUrl\":\"https:\/\/chateaudutruch.com\/wp-content\/uploads\/2025\/06\/Chateau-Dutruch-Grand-Poujeaux-Collection-Bouteille-Square.jpg\",\"datePublished\":\"2025-06-24T12:54:19+00:00\",\"breadcrumb\":{\"@id\":\"https:\/\/chateaudutruch.com\/de\/produit\/chateau-dutruch-grand-poujeaux-cuvee-collection-jahrgang-2016\/#breadcrumb\"},\"inLanguage\":\"de\",\"potentialAction\":[{\"@type\":\"ReadAction\",\"target\":[\"https:\/\/chateaudutruch.com\/de\/produit\/chateau-dutruch-grand-poujeaux-cuvee-collection-jahrgang-2016\/\"]}]},{\"@type\":\"ImageObject\",\"inLanguage\":\"de\",\"@id\":\"https:\/\/chateaudutruch.com\/de\/produit\/chateau-dutruch-grand-poujeaux-cuvee-collection-jahrgang-2016\/#primaryimage\",\"url\":\"https:\/\/chateaudutruch.com\/wp-content\/uploads\/2025\/06\/Chateau-Dutruch-Grand-Poujeaux-Collection-Bouteille-Square.jpg\",\"contentUrl\":\"https:\/\/chateaudutruch.com\/wp-content\/uploads\/2025\/06\/Chateau-Dutruch-Grand-Poujeaux-Collection-Bouteille-Square.jpg\",\"width\":1400,\"height\":1400},{\"@type\":\"BreadcrumbList\",\"@id\":\"https:\/\/chateaudutruch.com\/de\/produit\/chateau-dutruch-grand-poujeaux-cuvee-collection-jahrgang-2016\/#breadcrumb\",\"itemListElement\":[{\"@type\":\"ListItem\",\"position\":1,\"name\":\"Accueil\",\"item\":\"https:\/\/chateaudutruch.com\/de\/startseite\/\"},{\"@type\":\"ListItem\",\"position\":2,\"name\":\"Shop\",\"item\":\"https:\/\/chateaudutruch.com\/de\/shop\/\"},{\"@type\":\"ListItem\",\"position\":3,\"name\":\"Ch\u00e2teau Dutruch Grand Poujeaux &#8211; Cuv\u00e9e Collection Jahrgang 2016\"}]},{\"@type\":\"WebSite\",\"@id\":\"https:\/\/chateaudutruch.com\/de\/#website\",\"url\":\"https:\/\/chateaudutruch.com\/de\/\",\"name\":\"Ch\u00e2teau Dutruch\",\"description\":\"Ch\u00e2teau Dutruch Grand Poujeaux - Vin de Moulis en M\u00e9doc\",\"publisher\":{\"@id\":\"https:\/\/chateaudutruch.com\/de\/#organization\"},\"potentialAction\":[{\"@type\":\"SearchAction\",\"target\":{\"@type\":\"EntryPoint\",\"urlTemplate\":\"https:\/\/chateaudutruch.com\/de\/?s={search_term_string}\"},\"query-input\":{\"@type\":\"PropertyValueSpecification\",\"valueRequired\":true,\"valueName\":\"search_term_string\"}}],\"inLanguage\":\"de\"},{\"@type\":\"Organization\",\"@id\":\"https:\/\/chateaudutruch.com\/de\/#organization\",\"name\":\"Ch\u00e2teau Dutruch\",\"url\":\"https:\/\/chateaudutruch.com\/de\/\",\"logo\":{\"@type\":\"ImageObject\",\"inLanguage\":\"de\",\"@id\":\"https:\/\/chateaudutruch.com\/de\/#\/schema\/logo\/image\/\",\"url\":\"https:\/\/chateaudutruch.com\/wp-content\/uploads\/2025\/06\/CH-DUTRUCH-GRAND-POUJEAUX-Moulis-en-Medoc-Logo-Noir.png\",\"contentUrl\":\"https:\/\/chateaudutruch.com\/wp-content\/uploads\/2025\/06\/CH-DUTRUCH-GRAND-POUJEAUX-Moulis-en-Medoc-Logo-Noir.png\",\"width\":567,\"height\":220,\"caption\":\"Ch\u00e2teau Dutruch\"},\"image\":{\"@id\":\"https:\/\/chateaudutruch.com\/de\/#\/schema\/logo\/image\/\"}}]}<\/script>\n<!-- \/ Yoast SEO plugin. -->","yoast_head_json":{"title":"Ch\u00e2teau Dutruch Grand Poujeaux - Cuv\u00e9e Collection Jahrgang 2016 - Ch\u00e2teau Dutruch","robots":{"index":"index","follow":"follow","max-snippet":"max-snippet:-1","max-image-preview":"max-image-preview:large","max-video-preview":"max-video-preview:-1"},"canonical":"https:\/\/chateaudutruch.com\/de\/produit\/chateau-dutruch-grand-poujeaux-cuvee-collection-jahrgang-2016\/","og_locale":"de_DE","og_type":"article","og_title":"Ch\u00e2teau Dutruch Grand Poujeaux - Cuv\u00e9e Collection Jahrgang 2016 - Ch\u00e2teau Dutruch","og_description":"Die Cuv\u00e9e Collection entstand aus unserem Wunsch, das volle Potenzial unserer gro\u00dfen Terroirs in au\u00dfergew\u00f6hnlichen Jahrg\u00e4ngen zu erforschen. Es ist eine Cuv\u00e9e der Spitzenklasse, f\u00fcr die wir uns auf die Suche nach Perfektion begeben haben. Jede Flasche ist einzigartig und nummeriert.","og_url":"https:\/\/chateaudutruch.com\/de\/produit\/chateau-dutruch-grand-poujeaux-cuvee-collection-jahrgang-2016\/","og_site_name":"Ch\u00e2teau Dutruch","og_image":[{"width":1400,"height":1400,"url":"https:\/\/chateaudutruch.com\/wp-content\/uploads\/2025\/06\/Chateau-Dutruch-Grand-Poujeaux-Collection-Bouteille-Square.jpg","type":"image\/jpeg"}],"twitter_card":"summary_large_image","twitter_misc":{"Gesch\u00e4tzte Lesezeit":"1\u00a0Minute"},"schema":{"@context":"https:\/\/schema.org","@graph":[{"@type":"WebPage","@id":"https:\/\/chateaudutruch.com\/de\/produit\/chateau-dutruch-grand-poujeaux-cuvee-collection-jahrgang-2016\/","url":"https:\/\/chateaudutruch.com\/de\/produit\/chateau-dutruch-grand-poujeaux-cuvee-collection-jahrgang-2016\/","name":"Ch\u00e2teau Dutruch Grand Poujeaux - Cuv\u00e9e Collection Jahrgang 2016 - Ch\u00e2teau Dutruch","isPartOf":{"@id":"https:\/\/chateaudutruch.com\/de\/#website"},"primaryImageOfPage":{"@id":"https:\/\/chateaudutruch.com\/de\/produit\/chateau-dutruch-grand-poujeaux-cuvee-collection-jahrgang-2016\/#primaryimage"},"image":{"@id":"https:\/\/chateaudutruch.com\/de\/produit\/chateau-dutruch-grand-poujeaux-cuvee-collection-jahrgang-2016\/#primaryimage"},"thumbnailUrl":"https:\/\/chateaudutruch.com\/wp-content\/uploads\/2025\/06\/Chateau-Dutruch-Grand-Poujeaux-Collection-Bouteille-Square.jpg","datePublished":"2025-06-24T12:54:19+00:00","breadcrumb":{"@id":"https:\/\/chateaudutruch.com\/de\/produit\/chateau-dutruch-grand-poujeaux-cuvee-collection-jahrgang-2016\/#breadcrumb"},"inLanguage":"de","potentialAction":[{"@type":"ReadAction","target":["https:\/\/chateaudutruch.com\/de\/produit\/chateau-dutruch-grand-poujeaux-cuvee-collection-jahrgang-2016\/"]}]},{"@type":"ImageObject","inLanguage":"de","@id":"https:\/\/chateaudutruch.com\/de\/produit\/chateau-dutruch-grand-poujeaux-cuvee-collection-jahrgang-2016\/#primaryimage","url":"https:\/\/chateaudutruch.com\/wp-content\/uploads\/2025\/06\/Chateau-Dutruch-Grand-Poujeaux-Collection-Bouteille-Square.jpg","contentUrl":"https:\/\/chateaudutruch.com\/wp-content\/uploads\/2025\/06\/Chateau-Dutruch-Grand-Poujeaux-Collection-Bouteille-Square.jpg","width":1400,"height":1400},{"@type":"BreadcrumbList","@id":"https:\/\/chateaudutruch.com\/de\/produit\/chateau-dutruch-grand-poujeaux-cuvee-collection-jahrgang-2016\/#breadcrumb","itemListElement":[{"@type":"ListItem","position":1,"name":"Accueil","item":"https:\/\/chateaudutruch.com\/de\/startseite\/"},{"@type":"ListItem","position":2,"name":"Shop","item":"https:\/\/chateaudutruch.com\/de\/shop\/"},{"@type":"ListItem","position":3,"name":"Ch\u00e2teau Dutruch Grand Poujeaux &#8211; Cuv\u00e9e Collection Jahrgang 2016"}]},{"@type":"WebSite","@id":"https:\/\/chateaudutruch.com\/de\/#website","url":"https:\/\/chateaudutruch.com\/de\/","name":"Ch\u00e2teau Dutruch","description":"Ch\u00e2teau Dutruch Grand Poujeaux - Vin de Moulis en M\u00e9doc","publisher":{"@id":"https:\/\/chateaudutruch.com\/de\/#organization"},"potentialAction":[{"@type":"SearchAction","target":{"@type":"EntryPoint","urlTemplate":"https:\/\/chateaudutruch.com\/de\/?s={search_term_string}"},"query-input":{"@type":"PropertyValueSpecification","valueRequired":true,"valueName":"search_term_string"}}],"inLanguage":"de"},{"@type":"Organization","@id":"https:\/\/chateaudutruch.com\/de\/#organization","name":"Ch\u00e2teau Dutruch","url":"https:\/\/chateaudutruch.com\/de\/","logo":{"@type":"ImageObject","inLanguage":"de","@id":"https:\/\/chateaudutruch.com\/de\/#\/schema\/logo\/image\/","url":"https:\/\/chateaudutruch.com\/wp-content\/uploads\/2025\/06\/CH-DUTRUCH-GRAND-POUJEAUX-Moulis-en-Medoc-Logo-Noir.png","contentUrl":"https:\/\/chateaudutruch.com\/wp-content\/uploads\/2025\/06\/CH-DUTRUCH-GRAND-POUJEAUX-Moulis-en-Medoc-Logo-Noir.png","width":567,"height":220,"caption":"Ch\u00e2teau Dutruch"},"image":{"@id":"https:\/\/chateaudutruch.com\/de\/#\/schema\/logo\/image\/"}}]}},"_links":{"self":[{"href":"https:\/\/chateaudutruch.com\/de\/wp-json\/wp\/v2\/product\/997","targetHints":{"allow":["GET"]}}],"collection":[{"href":"https:\/\/chateaudutruch.com\/de\/wp-json\/wp\/v2\/product"}],"about":[{"href":"https:\/\/chateaudutruch.com\/de\/wp-json\/wp\/v2\/types\/product"}],"replies":[{"embeddable":true,"href":"https:\/\/chateaudutruch.com\/de\/wp-json\/wp\/v2\/comments?post=997"}],"wp:featuredmedia":[{"embeddable":true,"href":"https:\/\/chateaudutruch.com\/de\/wp-json\/wp\/v2\/media\/556"}],"wp:attachment":[{"href":"https:\/\/chateaudutruch.com\/de\/wp-json\/wp\/v2\/media?parent=997"}],"wp:term":[{"taxonomy":"product_brand","embeddable":true,"href":"https:\/\/chateaudutruch.com\/de\/wp-json\/wp\/v2\/product_brand?post=997"},{"taxonomy":"product_cat","embeddable":true,"href":"https:\/\/chateaudutruch.com\/de\/wp-json\/wp\/v2\/product_cat?post=997"},{"taxonomy":"product_tag","embeddable":true,"href":"https:\/\/chateaudutruch.com\/de\/wp-json\/wp\/v2\/product_tag?post=997"}],"curies":[{"name":"wp","href":"https:\/\/api.w.org\/{rel}","templated":true}]}}