{"id":1055,"date":"2025-07-12T14:04:29","date_gmt":"2025-07-12T14:04:29","guid":{"rendered":"https:\/\/chateaudutruch.com\/produit\/chateau-dutruch-grand-poujeaux-several-vintages-available-size-37-5-cl\/"},"modified":"2025-07-12T14:04:29","modified_gmt":"2025-07-12T14:04:29","slug":"chateau-dutruch-grand-poujeaux-several-vintages-available-size-37-5-cl","status":"publish","type":"product","link":"https:\/\/chateaudutruch.com\/en\/produit\/chateau-dutruch-grand-poujeaux-several-vintages-available-size-37-5-cl\/","title":{"rendered":"Ch\u00e2teau Dutruch Grand Poujeaux &#8211; Several vintages available &#8211; size 37.5 cl"},"content":{"rendered":"<div class=\"mt-5 flex md:flex-row flex-col justify-between md:items-center\">\n<div class=\"flex flex-col justify-around ml-5\">\n<div>\n<div class=\"mt-5 flex md:flex-row flex-col justify-between md:items-center\">\n<div class=\"flex flex-col justify-around ml-5\">\n<div>\n<h2>Ch\u00e2teau Dutruch Grand Poujeaux &#8211; Several vintages available<\/h2>\n<h3>Terroir &amp; vineyards<\/h3>\n<ul class=\"font-cormorant text-text text-sm\">\n<li class=\"flex items-center text-[19px]\">90% Garonne gravel (Grand Poujeaux plateau)<\/li>\n<li class=\"flex items-center text-[19px]\">10% clay-limestone soils<\/li>\n<li class=\"flex items-center text-[19px]\">31 ha of vineyards with 8,500 \/ 9,000 vines\/ha<\/li>\n<li class=\"flex items-center text-[19px]\">average vineyard age: 29 years<\/li>\n<\/ul>\n<\/div>\n<div>\n<h3 class=\"font-bebas text-xl text-text mb-1 mt-4 uppercase text-[24px]\">Winemaking<\/h3>\n<ul class=\"font-cormorant text-text text-sm\">\n<li class=\"flex items-center text-[19px]\">temperature-controlled concrete and stainless steel tanks<\/li>\n<li class=\"flex items-center text-[19px]\">macerations from 17 to 25 days<\/li>\n<\/ul>\n<\/div>\n<div>\n<h3 class=\"font-bebas text-xl text-text mb-1 mt-4 uppercase text-[24px]\">Breeding<\/h3>\n<ul class=\"font-cormorant text-text text-sm\">\n<li class=\"flex items-center text-[19px]\">18 months, 12 of which in 100% French oak barrels<\/li>\n<li class=\"flex items-center text-[19px]\">1\/3 new barrels, 1\/3 1-wine barrels, 1\/3 2-wine barrels<\/li>\n<\/ul>\n<\/div>\n<\/div>\n<\/div>\n<div class=\"md:mt-0 mt-5\">\n<h3 class=\"font-bebas text-xl text-text mb-1 text-[24px]\">Tasting<\/h3>\n<p>In its youth, <strong>Ch\u00e2teau Dutruch Grand Poujeaux<\/strong> presents aromas of fresh, crisp red and black fruits, with subtle toasted and roasted notes. The palate is suave, fresh and precise. Tannins are present but well-integrated, with great persistence.  <\/p>\n<p>With age, the aromas evolve towards truffle and menthol notes. We recommend waiting at least 5 years, but the ageing potential is impressive, <strong>up to 40 years depending on the vintage<\/strong>. <\/p>\n<\/div>\n<\/div>\n<\/div>\n<\/div>\n","protected":false},"excerpt":{"rendered":"<p>The flagship of the estate, Cabernet Sauvignon is the very expression of our terroir. The fruit of a blend dominated by this grape variety in the style of the M\u00e9doc&#8217;s grands crus, it stands out for its freshness, finesse and elegance. This alchemy is enhanced by the appellation&#8217;s historic grape varieties: Merlot, Cabernet Franc and Petit Verdot.  <\/p>\n<p><strong><span class=\"summary__title\"><span class=\"accordion__title\">  \ud83c\udf47 A word from the winemaker<\/span><\/span><\/strong><\/p>\n<div class=\"accordion__content rte\">\n<p><em>&#8220;Every wine we create at Ch\u00e2teau Dutruch Grand Poujeaux is an expression of the family&#8217;s passion for nature and respect for the terroir. Our commitment is to offer you cuv\u00e9es that tell the story of our estate, with all the authenticity and finesse that each bottle deserves.&#8221;<\/em><\/p>\n<\/div>\n","protected":false},"featured_media":907,"comment_status":"open","ping_status":"closed","template":"","meta":{"_eb_attr":""},"product_brand":[],"product_cat":[46],"product_tag":[],"class_list":{"0":"post-1055","1":"product","2":"type-product","3":"status-publish","4":"has-post-thumbnail","6":"product_cat-red-wine","8":"first","9":"instock","10":"taxable","11":"shipping-taxable","12":"purchasable","13":"product-type-variable"},"yoast_head":"<!-- This site is optimized with the Yoast SEO plugin v26.6 - https:\/\/yoast.com\/wordpress\/plugins\/seo\/ -->\n<title>Ch\u00e2teau Dutruch Grand Poujeaux - Several vintages available - size 37.5 cl - Ch\u00e2teau Dutruch<\/title>\n<meta name=\"robots\" content=\"index, follow, max-snippet:-1, max-image-preview:large, max-video-preview:-1\" \/>\n<link rel=\"canonical\" href=\"https:\/\/chateaudutruch.com\/en\/produit\/chateau-dutruch-grand-poujeaux-several-vintages-available-size-37-5-cl\/\" \/>\n<meta property=\"og:locale\" content=\"en_US\" \/>\n<meta property=\"og:type\" content=\"article\" \/>\n<meta property=\"og:title\" content=\"Ch\u00e2teau Dutruch Grand Poujeaux - Several vintages available - size 37.5 cl - Ch\u00e2teau Dutruch\" \/>\n<meta property=\"og:description\" content=\"The flagship of the estate, Cabernet Sauvignon is the very expression of our terroir. The fruit of a blend dominated by this grape variety in the style of the M\u00e9doc&#039;s grands crus, it stands out for its freshness, finesse and elegance. This alchemy is enhanced by the appellation&#039;s historic grape varieties: Merlot, Cabernet Franc and Petit Verdot.   \ud83c\udf47 A word from the winemaker  &quot;Every wine we create at Ch\u00e2teau Dutruch Grand Poujeaux is an expression of the family&#039;s passion for nature and respect for the terroir. Our commitment is to offer you cuv\u00e9es that tell the story of our estate, with all the authenticity and finesse that each bottle deserves.&quot;\" \/>\n<meta property=\"og:url\" content=\"https:\/\/chateaudutruch.com\/en\/produit\/chateau-dutruch-grand-poujeaux-several-vintages-available-size-37-5-cl\/\" \/>\n<meta property=\"og:site_name\" content=\"Ch\u00e2teau Dutruch\" \/>\n<meta property=\"og:image\" content=\"https:\/\/chateaudutruch.com\/wp-content\/uploads\/2025\/07\/Chateau-Dutruch-Grand-Poujeaux375cl.jpg\" \/>\n\t<meta property=\"og:image:width\" content=\"1400\" \/>\n\t<meta property=\"og:image:height\" content=\"1400\" \/>\n\t<meta property=\"og:image:type\" content=\"image\/jpeg\" \/>\n<meta name=\"twitter:card\" content=\"summary_large_image\" \/>\n<meta name=\"twitter:label1\" content=\"Est. reading time\" \/>\n\t<meta name=\"twitter:data1\" content=\"1 minute\" \/>\n<script type=\"application\/ld+json\" class=\"yoast-schema-graph\">{\"@context\":\"https:\/\/schema.org\",\"@graph\":[{\"@type\":\"WebPage\",\"@id\":\"https:\/\/chateaudutruch.com\/en\/produit\/chateau-dutruch-grand-poujeaux-several-vintages-available-size-37-5-cl\/\",\"url\":\"https:\/\/chateaudutruch.com\/en\/produit\/chateau-dutruch-grand-poujeaux-several-vintages-available-size-37-5-cl\/\",\"name\":\"Ch\u00e2teau Dutruch Grand Poujeaux - Several vintages available - size 37.5 cl - Ch\u00e2teau Dutruch\",\"isPartOf\":{\"@id\":\"https:\/\/chateaudutruch.com\/en\/#website\"},\"primaryImageOfPage\":{\"@id\":\"https:\/\/chateaudutruch.com\/en\/produit\/chateau-dutruch-grand-poujeaux-several-vintages-available-size-37-5-cl\/#primaryimage\"},\"image\":{\"@id\":\"https:\/\/chateaudutruch.com\/en\/produit\/chateau-dutruch-grand-poujeaux-several-vintages-available-size-37-5-cl\/#primaryimage\"},\"thumbnailUrl\":\"https:\/\/chateaudutruch.com\/wp-content\/uploads\/2025\/07\/Chateau-Dutruch-Grand-Poujeaux375cl.jpg\",\"datePublished\":\"2025-07-12T14:04:29+00:00\",\"breadcrumb\":{\"@id\":\"https:\/\/chateaudutruch.com\/en\/produit\/chateau-dutruch-grand-poujeaux-several-vintages-available-size-37-5-cl\/#breadcrumb\"},\"inLanguage\":\"en-US\",\"potentialAction\":[{\"@type\":\"ReadAction\",\"target\":[\"https:\/\/chateaudutruch.com\/en\/produit\/chateau-dutruch-grand-poujeaux-several-vintages-available-size-37-5-cl\/\"]}]},{\"@type\":\"ImageObject\",\"inLanguage\":\"en-US\",\"@id\":\"https:\/\/chateaudutruch.com\/en\/produit\/chateau-dutruch-grand-poujeaux-several-vintages-available-size-37-5-cl\/#primaryimage\",\"url\":\"https:\/\/chateaudutruch.com\/wp-content\/uploads\/2025\/07\/Chateau-Dutruch-Grand-Poujeaux375cl.jpg\",\"contentUrl\":\"https:\/\/chateaudutruch.com\/wp-content\/uploads\/2025\/07\/Chateau-Dutruch-Grand-Poujeaux375cl.jpg\",\"width\":1400,\"height\":1400},{\"@type\":\"BreadcrumbList\",\"@id\":\"https:\/\/chateaudutruch.com\/en\/produit\/chateau-dutruch-grand-poujeaux-several-vintages-available-size-37-5-cl\/#breadcrumb\",\"itemListElement\":[{\"@type\":\"ListItem\",\"position\":1,\"name\":\"Accueil\",\"item\":\"https:\/\/chateaudutruch.com\/en\/home\/\"},{\"@type\":\"ListItem\",\"position\":2,\"name\":\"Boutique\",\"item\":\"https:\/\/chateaudutruch.com\/en\/boutique\/\"},{\"@type\":\"ListItem\",\"position\":3,\"name\":\"Ch\u00e2teau Dutruch Grand Poujeaux &#8211; Several vintages available &#8211; size 37.5 cl\"}]},{\"@type\":\"WebSite\",\"@id\":\"https:\/\/chateaudutruch.com\/en\/#website\",\"url\":\"https:\/\/chateaudutruch.com\/en\/\",\"name\":\"Ch\u00e2teau Dutruch\",\"description\":\"Ch\u00e2teau Dutruch Grand Poujeaux - Vin de Moulis en M\u00e9doc\",\"publisher\":{\"@id\":\"https:\/\/chateaudutruch.com\/en\/#organization\"},\"potentialAction\":[{\"@type\":\"SearchAction\",\"target\":{\"@type\":\"EntryPoint\",\"urlTemplate\":\"https:\/\/chateaudutruch.com\/en\/?s={search_term_string}\"},\"query-input\":{\"@type\":\"PropertyValueSpecification\",\"valueRequired\":true,\"valueName\":\"search_term_string\"}}],\"inLanguage\":\"en-US\"},{\"@type\":\"Organization\",\"@id\":\"https:\/\/chateaudutruch.com\/en\/#organization\",\"name\":\"Ch\u00e2teau Dutruch\",\"url\":\"https:\/\/chateaudutruch.com\/en\/\",\"logo\":{\"@type\":\"ImageObject\",\"inLanguage\":\"en-US\",\"@id\":\"https:\/\/chateaudutruch.com\/en\/#\/schema\/logo\/image\/\",\"url\":\"https:\/\/chateaudutruch.com\/wp-content\/uploads\/2025\/06\/CH-DUTRUCH-GRAND-POUJEAUX-Moulis-en-Medoc-Logo-Noir.png\",\"contentUrl\":\"https:\/\/chateaudutruch.com\/wp-content\/uploads\/2025\/06\/CH-DUTRUCH-GRAND-POUJEAUX-Moulis-en-Medoc-Logo-Noir.png\",\"width\":567,\"height\":220,\"caption\":\"Ch\u00e2teau Dutruch\"},\"image\":{\"@id\":\"https:\/\/chateaudutruch.com\/en\/#\/schema\/logo\/image\/\"}}]}<\/script>\n<!-- \/ Yoast SEO plugin. -->","yoast_head_json":{"title":"Ch\u00e2teau Dutruch Grand Poujeaux - Several vintages available - size 37.5 cl - Ch\u00e2teau Dutruch","robots":{"index":"index","follow":"follow","max-snippet":"max-snippet:-1","max-image-preview":"max-image-preview:large","max-video-preview":"max-video-preview:-1"},"canonical":"https:\/\/chateaudutruch.com\/en\/produit\/chateau-dutruch-grand-poujeaux-several-vintages-available-size-37-5-cl\/","og_locale":"en_US","og_type":"article","og_title":"Ch\u00e2teau Dutruch Grand Poujeaux - Several vintages available - size 37.5 cl - Ch\u00e2teau Dutruch","og_description":"The flagship of the estate, Cabernet Sauvignon is the very expression of our terroir. The fruit of a blend dominated by this grape variety in the style of the M\u00e9doc's grands crus, it stands out for its freshness, finesse and elegance. This alchemy is enhanced by the appellation's historic grape varieties: Merlot, Cabernet Franc and Petit Verdot.   \ud83c\udf47 A word from the winemaker  \"Every wine we create at Ch\u00e2teau Dutruch Grand Poujeaux is an expression of the family's passion for nature and respect for the terroir. Our commitment is to offer you cuv\u00e9es that tell the story of our estate, with all the authenticity and finesse that each bottle deserves.\"","og_url":"https:\/\/chateaudutruch.com\/en\/produit\/chateau-dutruch-grand-poujeaux-several-vintages-available-size-37-5-cl\/","og_site_name":"Ch\u00e2teau Dutruch","og_image":[{"width":1400,"height":1400,"url":"https:\/\/chateaudutruch.com\/wp-content\/uploads\/2025\/07\/Chateau-Dutruch-Grand-Poujeaux375cl.jpg","type":"image\/jpeg"}],"twitter_card":"summary_large_image","twitter_misc":{"Est. reading time":"1 minute"},"schema":{"@context":"https:\/\/schema.org","@graph":[{"@type":"WebPage","@id":"https:\/\/chateaudutruch.com\/en\/produit\/chateau-dutruch-grand-poujeaux-several-vintages-available-size-37-5-cl\/","url":"https:\/\/chateaudutruch.com\/en\/produit\/chateau-dutruch-grand-poujeaux-several-vintages-available-size-37-5-cl\/","name":"Ch\u00e2teau Dutruch Grand Poujeaux - Several vintages available - size 37.5 cl - Ch\u00e2teau Dutruch","isPartOf":{"@id":"https:\/\/chateaudutruch.com\/en\/#website"},"primaryImageOfPage":{"@id":"https:\/\/chateaudutruch.com\/en\/produit\/chateau-dutruch-grand-poujeaux-several-vintages-available-size-37-5-cl\/#primaryimage"},"image":{"@id":"https:\/\/chateaudutruch.com\/en\/produit\/chateau-dutruch-grand-poujeaux-several-vintages-available-size-37-5-cl\/#primaryimage"},"thumbnailUrl":"https:\/\/chateaudutruch.com\/wp-content\/uploads\/2025\/07\/Chateau-Dutruch-Grand-Poujeaux375cl.jpg","datePublished":"2025-07-12T14:04:29+00:00","breadcrumb":{"@id":"https:\/\/chateaudutruch.com\/en\/produit\/chateau-dutruch-grand-poujeaux-several-vintages-available-size-37-5-cl\/#breadcrumb"},"inLanguage":"en-US","potentialAction":[{"@type":"ReadAction","target":["https:\/\/chateaudutruch.com\/en\/produit\/chateau-dutruch-grand-poujeaux-several-vintages-available-size-37-5-cl\/"]}]},{"@type":"ImageObject","inLanguage":"en-US","@id":"https:\/\/chateaudutruch.com\/en\/produit\/chateau-dutruch-grand-poujeaux-several-vintages-available-size-37-5-cl\/#primaryimage","url":"https:\/\/chateaudutruch.com\/wp-content\/uploads\/2025\/07\/Chateau-Dutruch-Grand-Poujeaux375cl.jpg","contentUrl":"https:\/\/chateaudutruch.com\/wp-content\/uploads\/2025\/07\/Chateau-Dutruch-Grand-Poujeaux375cl.jpg","width":1400,"height":1400},{"@type":"BreadcrumbList","@id":"https:\/\/chateaudutruch.com\/en\/produit\/chateau-dutruch-grand-poujeaux-several-vintages-available-size-37-5-cl\/#breadcrumb","itemListElement":[{"@type":"ListItem","position":1,"name":"Accueil","item":"https:\/\/chateaudutruch.com\/en\/home\/"},{"@type":"ListItem","position":2,"name":"Boutique","item":"https:\/\/chateaudutruch.com\/en\/boutique\/"},{"@type":"ListItem","position":3,"name":"Ch\u00e2teau Dutruch Grand Poujeaux &#8211; Several vintages available &#8211; size 37.5 cl"}]},{"@type":"WebSite","@id":"https:\/\/chateaudutruch.com\/en\/#website","url":"https:\/\/chateaudutruch.com\/en\/","name":"Ch\u00e2teau Dutruch","description":"Ch\u00e2teau Dutruch Grand Poujeaux - Vin de Moulis en M\u00e9doc","publisher":{"@id":"https:\/\/chateaudutruch.com\/en\/#organization"},"potentialAction":[{"@type":"SearchAction","target":{"@type":"EntryPoint","urlTemplate":"https:\/\/chateaudutruch.com\/en\/?s={search_term_string}"},"query-input":{"@type":"PropertyValueSpecification","valueRequired":true,"valueName":"search_term_string"}}],"inLanguage":"en-US"},{"@type":"Organization","@id":"https:\/\/chateaudutruch.com\/en\/#organization","name":"Ch\u00e2teau Dutruch","url":"https:\/\/chateaudutruch.com\/en\/","logo":{"@type":"ImageObject","inLanguage":"en-US","@id":"https:\/\/chateaudutruch.com\/en\/#\/schema\/logo\/image\/","url":"https:\/\/chateaudutruch.com\/wp-content\/uploads\/2025\/06\/CH-DUTRUCH-GRAND-POUJEAUX-Moulis-en-Medoc-Logo-Noir.png","contentUrl":"https:\/\/chateaudutruch.com\/wp-content\/uploads\/2025\/06\/CH-DUTRUCH-GRAND-POUJEAUX-Moulis-en-Medoc-Logo-Noir.png","width":567,"height":220,"caption":"Ch\u00e2teau Dutruch"},"image":{"@id":"https:\/\/chateaudutruch.com\/en\/#\/schema\/logo\/image\/"}}]}},"_links":{"self":[{"href":"https:\/\/chateaudutruch.com\/en\/wp-json\/wp\/v2\/product\/1055","targetHints":{"allow":["GET"]}}],"collection":[{"href":"https:\/\/chateaudutruch.com\/en\/wp-json\/wp\/v2\/product"}],"about":[{"href":"https:\/\/chateaudutruch.com\/en\/wp-json\/wp\/v2\/types\/product"}],"replies":[{"embeddable":true,"href":"https:\/\/chateaudutruch.com\/en\/wp-json\/wp\/v2\/comments?post=1055"}],"wp:featuredmedia":[{"embeddable":true,"href":"https:\/\/chateaudutruch.com\/en\/wp-json\/wp\/v2\/media\/907"}],"wp:attachment":[{"href":"https:\/\/chateaudutruch.com\/en\/wp-json\/wp\/v2\/media?parent=1055"}],"wp:term":[{"taxonomy":"product_brand","embeddable":true,"href":"https:\/\/chateaudutruch.com\/en\/wp-json\/wp\/v2\/product_brand?post=1055"},{"taxonomy":"product_cat","embeddable":true,"href":"https:\/\/chateaudutruch.com\/en\/wp-json\/wp\/v2\/product_cat?post=1055"},{"taxonomy":"product_tag","embeddable":true,"href":"https:\/\/chateaudutruch.com\/en\/wp-json\/wp\/v2\/product_tag?post=1055"}],"curies":[{"name":"wp","href":"https:\/\/api.w.org\/{rel}","templated":true}]}}