{"id":923,"date":"2025-07-07T08:44:06","date_gmt":"2025-07-07T08:44:06","guid":{"rendered":"https:\/\/chateaudutruch.com\/produit\/lautruch-de-dutruch-vintage-2022\/"},"modified":"2025-11-19T12:48:44","modified_gmt":"2025-11-19T12:48:44","slug":"lautruch-de-dutruch-vintage-2022","status":"publish","type":"product","link":"https:\/\/chateaudutruch.com\/en\/produit\/lautruch-de-dutruch-vintage-2022\/","title":{"rendered":"L&#8217;Autruch&#8217; de Dutruch &#8211; Vintage 2022"},"content":{"rendered":"<p><strong>Dutruch&#8217;s Autruch&#8217;<\/strong> is an original vinification and blending <strong>to thrill your taste buds.<\/strong><\/p>\n<p>A new cuv\u00e9e launched this year, it has been aged <strong>without contact with wood<\/strong> and features Cabernet Sauvignon (50%) \/ Merlot (50%) grapes<\/p>\n<p>It will be perfect with <strong>aperitifs, grilled meats and fruit desserts. <\/strong><\/p>\n<p>This collection can also be enjoyed slightly chilled (10\u00b0).<\/p>\n","protected":false},"excerpt":{"rendered":"<p>The Cabernet Sauvignon grape, the flagship of the estate, combined with the Merlot grape, are the very expressions of our terroir.<\/p>\n<p><strong><span class=\"summary__title\"><span class=\"accordion__title\">  \ud83c\udf47 A word from the winemaker<\/span><\/span><\/strong><\/p>\n<div class=\"accordion__content rte\">\n<p><em>&#8220;Every wine we create at Ch\u00e2teau Dutruch Grand Poujeaux is an expression of the family&#8217;s passion for nature and respect for the terroir. Our commitment is to offer you cuv\u00e9es that tell the story of our estate, with all the authenticity and finesse that each bottle deserves.&#8221;<\/em><\/p>\n<\/div>\n","protected":false},"featured_media":697,"comment_status":"open","ping_status":"closed","template":"","meta":{"_eb_attr":""},"product_brand":[],"product_cat":[46],"product_tag":[],"class_list":{"0":"post-923","1":"product","2":"type-product","3":"status-publish","4":"has-post-thumbnail","6":"product_cat-red-wine","8":"first","9":"instock","10":"taxable","11":"shipping-taxable","12":"purchasable","13":"product-type-simple"},"yoast_head":"<!-- This site is optimized with the Yoast SEO plugin v26.6 - https:\/\/yoast.com\/wordpress\/plugins\/seo\/ -->\n<title>L&#039;Autruch&#039; de Dutruch - Vintage 2022 - Ch\u00e2teau Dutruch<\/title>\n<meta name=\"robots\" content=\"index, follow, max-snippet:-1, max-image-preview:large, max-video-preview:-1\" \/>\n<link rel=\"canonical\" href=\"https:\/\/chateaudutruch.com\/en\/produit\/lautruch-de-dutruch-vintage-2022\/\" \/>\n<meta property=\"og:locale\" content=\"en_US\" \/>\n<meta property=\"og:type\" content=\"article\" \/>\n<meta property=\"og:title\" content=\"L&#039;Autruch&#039; de Dutruch - Vintage 2022 - Ch\u00e2teau Dutruch\" \/>\n<meta property=\"og:description\" content=\"The Cabernet Sauvignon grape, the flagship of the estate, combined with the Merlot grape, are the very expressions of our terroir.  \ud83c\udf47 A word from the winemaker  &quot;Every wine we create at Ch\u00e2teau Dutruch Grand Poujeaux is an expression of the family&#039;s passion for nature and respect for the terroir. Our commitment is to offer you cuv\u00e9es that tell the story of our estate, with all the authenticity and finesse that each bottle deserves.&quot;\" \/>\n<meta property=\"og:url\" content=\"https:\/\/chateaudutruch.com\/en\/produit\/lautruch-de-dutruch-vintage-2022\/\" \/>\n<meta property=\"og:site_name\" content=\"Ch\u00e2teau Dutruch\" \/>\n<meta property=\"article:modified_time\" content=\"2025-11-19T12:48:44+00:00\" \/>\n<meta property=\"og:image\" content=\"https:\/\/chateaudutruch.com\/wp-content\/uploads\/2025\/06\/Autruche-Dutruch-Bouteille-Square.jpg\" \/>\n\t<meta property=\"og:image:width\" content=\"1400\" \/>\n\t<meta property=\"og:image:height\" content=\"1400\" \/>\n\t<meta property=\"og:image:type\" content=\"image\/jpeg\" \/>\n<meta name=\"twitter:card\" content=\"summary_large_image\" \/>\n<script type=\"application\/ld+json\" class=\"yoast-schema-graph\">{\"@context\":\"https:\/\/schema.org\",\"@graph\":[{\"@type\":\"WebPage\",\"@id\":\"https:\/\/chateaudutruch.com\/en\/produit\/lautruch-de-dutruch-vintage-2022\/\",\"url\":\"https:\/\/chateaudutruch.com\/en\/produit\/lautruch-de-dutruch-vintage-2022\/\",\"name\":\"L'Autruch' de Dutruch - Vintage 2022 - Ch\u00e2teau Dutruch\",\"isPartOf\":{\"@id\":\"https:\/\/chateaudutruch.com\/en\/#website\"},\"primaryImageOfPage\":{\"@id\":\"https:\/\/chateaudutruch.com\/en\/produit\/lautruch-de-dutruch-vintage-2022\/#primaryimage\"},\"image\":{\"@id\":\"https:\/\/chateaudutruch.com\/en\/produit\/lautruch-de-dutruch-vintage-2022\/#primaryimage\"},\"thumbnailUrl\":\"https:\/\/chateaudutruch.com\/wp-content\/uploads\/2025\/06\/Autruche-Dutruch-Bouteille-Square.jpg\",\"datePublished\":\"2025-07-07T08:44:06+00:00\",\"dateModified\":\"2025-11-19T12:48:44+00:00\",\"breadcrumb\":{\"@id\":\"https:\/\/chateaudutruch.com\/en\/produit\/lautruch-de-dutruch-vintage-2022\/#breadcrumb\"},\"inLanguage\":\"en-US\",\"potentialAction\":[{\"@type\":\"ReadAction\",\"target\":[\"https:\/\/chateaudutruch.com\/en\/produit\/lautruch-de-dutruch-vintage-2022\/\"]}]},{\"@type\":\"ImageObject\",\"inLanguage\":\"en-US\",\"@id\":\"https:\/\/chateaudutruch.com\/en\/produit\/lautruch-de-dutruch-vintage-2022\/#primaryimage\",\"url\":\"https:\/\/chateaudutruch.com\/wp-content\/uploads\/2025\/06\/Autruche-Dutruch-Bouteille-Square.jpg\",\"contentUrl\":\"https:\/\/chateaudutruch.com\/wp-content\/uploads\/2025\/06\/Autruche-Dutruch-Bouteille-Square.jpg\",\"width\":1400,\"height\":1400},{\"@type\":\"BreadcrumbList\",\"@id\":\"https:\/\/chateaudutruch.com\/en\/produit\/lautruch-de-dutruch-vintage-2022\/#breadcrumb\",\"itemListElement\":[{\"@type\":\"ListItem\",\"position\":1,\"name\":\"Accueil\",\"item\":\"https:\/\/chateaudutruch.com\/en\/home\/\"},{\"@type\":\"ListItem\",\"position\":2,\"name\":\"Boutique\",\"item\":\"https:\/\/chateaudutruch.com\/en\/boutique\/\"},{\"@type\":\"ListItem\",\"position\":3,\"name\":\"L&#8217;Autruch&#8217; de Dutruch &#8211; Vintage 2022\"}]},{\"@type\":\"WebSite\",\"@id\":\"https:\/\/chateaudutruch.com\/en\/#website\",\"url\":\"https:\/\/chateaudutruch.com\/en\/\",\"name\":\"Ch\u00e2teau Dutruch\",\"description\":\"Ch\u00e2teau Dutruch Grand Poujeaux - Vin de Moulis en M\u00e9doc\",\"publisher\":{\"@id\":\"https:\/\/chateaudutruch.com\/en\/#organization\"},\"potentialAction\":[{\"@type\":\"SearchAction\",\"target\":{\"@type\":\"EntryPoint\",\"urlTemplate\":\"https:\/\/chateaudutruch.com\/en\/?s={search_term_string}\"},\"query-input\":{\"@type\":\"PropertyValueSpecification\",\"valueRequired\":true,\"valueName\":\"search_term_string\"}}],\"inLanguage\":\"en-US\"},{\"@type\":\"Organization\",\"@id\":\"https:\/\/chateaudutruch.com\/en\/#organization\",\"name\":\"Ch\u00e2teau Dutruch\",\"url\":\"https:\/\/chateaudutruch.com\/en\/\",\"logo\":{\"@type\":\"ImageObject\",\"inLanguage\":\"en-US\",\"@id\":\"https:\/\/chateaudutruch.com\/en\/#\/schema\/logo\/image\/\",\"url\":\"https:\/\/chateaudutruch.com\/wp-content\/uploads\/2025\/06\/CH-DUTRUCH-GRAND-POUJEAUX-Moulis-en-Medoc-Logo-Noir.png\",\"contentUrl\":\"https:\/\/chateaudutruch.com\/wp-content\/uploads\/2025\/06\/CH-DUTRUCH-GRAND-POUJEAUX-Moulis-en-Medoc-Logo-Noir.png\",\"width\":567,\"height\":220,\"caption\":\"Ch\u00e2teau Dutruch\"},\"image\":{\"@id\":\"https:\/\/chateaudutruch.com\/en\/#\/schema\/logo\/image\/\"}}]}<\/script>\n<!-- \/ Yoast SEO plugin. -->","yoast_head_json":{"title":"L'Autruch' de Dutruch - Vintage 2022 - Ch\u00e2teau Dutruch","robots":{"index":"index","follow":"follow","max-snippet":"max-snippet:-1","max-image-preview":"max-image-preview:large","max-video-preview":"max-video-preview:-1"},"canonical":"https:\/\/chateaudutruch.com\/en\/produit\/lautruch-de-dutruch-vintage-2022\/","og_locale":"en_US","og_type":"article","og_title":"L'Autruch' de Dutruch - Vintage 2022 - Ch\u00e2teau Dutruch","og_description":"The Cabernet Sauvignon grape, the flagship of the estate, combined with the Merlot grape, are the very expressions of our terroir.  \ud83c\udf47 A word from the winemaker  \"Every wine we create at Ch\u00e2teau Dutruch Grand Poujeaux is an expression of the family's passion for nature and respect for the terroir. Our commitment is to offer you cuv\u00e9es that tell the story of our estate, with all the authenticity and finesse that each bottle deserves.\"","og_url":"https:\/\/chateaudutruch.com\/en\/produit\/lautruch-de-dutruch-vintage-2022\/","og_site_name":"Ch\u00e2teau Dutruch","article_modified_time":"2025-11-19T12:48:44+00:00","og_image":[{"width":1400,"height":1400,"url":"https:\/\/chateaudutruch.com\/wp-content\/uploads\/2025\/06\/Autruche-Dutruch-Bouteille-Square.jpg","type":"image\/jpeg"}],"twitter_card":"summary_large_image","schema":{"@context":"https:\/\/schema.org","@graph":[{"@type":"WebPage","@id":"https:\/\/chateaudutruch.com\/en\/produit\/lautruch-de-dutruch-vintage-2022\/","url":"https:\/\/chateaudutruch.com\/en\/produit\/lautruch-de-dutruch-vintage-2022\/","name":"L'Autruch' de Dutruch - Vintage 2022 - Ch\u00e2teau Dutruch","isPartOf":{"@id":"https:\/\/chateaudutruch.com\/en\/#website"},"primaryImageOfPage":{"@id":"https:\/\/chateaudutruch.com\/en\/produit\/lautruch-de-dutruch-vintage-2022\/#primaryimage"},"image":{"@id":"https:\/\/chateaudutruch.com\/en\/produit\/lautruch-de-dutruch-vintage-2022\/#primaryimage"},"thumbnailUrl":"https:\/\/chateaudutruch.com\/wp-content\/uploads\/2025\/06\/Autruche-Dutruch-Bouteille-Square.jpg","datePublished":"2025-07-07T08:44:06+00:00","dateModified":"2025-11-19T12:48:44+00:00","breadcrumb":{"@id":"https:\/\/chateaudutruch.com\/en\/produit\/lautruch-de-dutruch-vintage-2022\/#breadcrumb"},"inLanguage":"en-US","potentialAction":[{"@type":"ReadAction","target":["https:\/\/chateaudutruch.com\/en\/produit\/lautruch-de-dutruch-vintage-2022\/"]}]},{"@type":"ImageObject","inLanguage":"en-US","@id":"https:\/\/chateaudutruch.com\/en\/produit\/lautruch-de-dutruch-vintage-2022\/#primaryimage","url":"https:\/\/chateaudutruch.com\/wp-content\/uploads\/2025\/06\/Autruche-Dutruch-Bouteille-Square.jpg","contentUrl":"https:\/\/chateaudutruch.com\/wp-content\/uploads\/2025\/06\/Autruche-Dutruch-Bouteille-Square.jpg","width":1400,"height":1400},{"@type":"BreadcrumbList","@id":"https:\/\/chateaudutruch.com\/en\/produit\/lautruch-de-dutruch-vintage-2022\/#breadcrumb","itemListElement":[{"@type":"ListItem","position":1,"name":"Accueil","item":"https:\/\/chateaudutruch.com\/en\/home\/"},{"@type":"ListItem","position":2,"name":"Boutique","item":"https:\/\/chateaudutruch.com\/en\/boutique\/"},{"@type":"ListItem","position":3,"name":"L&#8217;Autruch&#8217; de Dutruch &#8211; Vintage 2022"}]},{"@type":"WebSite","@id":"https:\/\/chateaudutruch.com\/en\/#website","url":"https:\/\/chateaudutruch.com\/en\/","name":"Ch\u00e2teau Dutruch","description":"Ch\u00e2teau Dutruch Grand Poujeaux - Vin de Moulis en M\u00e9doc","publisher":{"@id":"https:\/\/chateaudutruch.com\/en\/#organization"},"potentialAction":[{"@type":"SearchAction","target":{"@type":"EntryPoint","urlTemplate":"https:\/\/chateaudutruch.com\/en\/?s={search_term_string}"},"query-input":{"@type":"PropertyValueSpecification","valueRequired":true,"valueName":"search_term_string"}}],"inLanguage":"en-US"},{"@type":"Organization","@id":"https:\/\/chateaudutruch.com\/en\/#organization","name":"Ch\u00e2teau Dutruch","url":"https:\/\/chateaudutruch.com\/en\/","logo":{"@type":"ImageObject","inLanguage":"en-US","@id":"https:\/\/chateaudutruch.com\/en\/#\/schema\/logo\/image\/","url":"https:\/\/chateaudutruch.com\/wp-content\/uploads\/2025\/06\/CH-DUTRUCH-GRAND-POUJEAUX-Moulis-en-Medoc-Logo-Noir.png","contentUrl":"https:\/\/chateaudutruch.com\/wp-content\/uploads\/2025\/06\/CH-DUTRUCH-GRAND-POUJEAUX-Moulis-en-Medoc-Logo-Noir.png","width":567,"height":220,"caption":"Ch\u00e2teau Dutruch"},"image":{"@id":"https:\/\/chateaudutruch.com\/en\/#\/schema\/logo\/image\/"}}]}},"_links":{"self":[{"href":"https:\/\/chateaudutruch.com\/en\/wp-json\/wp\/v2\/product\/923","targetHints":{"allow":["GET"]}}],"collection":[{"href":"https:\/\/chateaudutruch.com\/en\/wp-json\/wp\/v2\/product"}],"about":[{"href":"https:\/\/chateaudutruch.com\/en\/wp-json\/wp\/v2\/types\/product"}],"replies":[{"embeddable":true,"href":"https:\/\/chateaudutruch.com\/en\/wp-json\/wp\/v2\/comments?post=923"}],"wp:featuredmedia":[{"embeddable":true,"href":"https:\/\/chateaudutruch.com\/en\/wp-json\/wp\/v2\/media\/697"}],"wp:attachment":[{"href":"https:\/\/chateaudutruch.com\/en\/wp-json\/wp\/v2\/media?parent=923"}],"wp:term":[{"taxonomy":"product_brand","embeddable":true,"href":"https:\/\/chateaudutruch.com\/en\/wp-json\/wp\/v2\/product_brand?post=923"},{"taxonomy":"product_cat","embeddable":true,"href":"https:\/\/chateaudutruch.com\/en\/wp-json\/wp\/v2\/product_cat?post=923"},{"taxonomy":"product_tag","embeddable":true,"href":"https:\/\/chateaudutruch.com\/en\/wp-json\/wp\/v2\/product_tag?post=923"}],"curies":[{"name":"wp","href":"https:\/\/api.w.org\/{rel}","templated":true}]}}