{"id":931,"date":"2025-06-24T12:56:11","date_gmt":"2025-06-24T12:56:11","guid":{"rendered":"https:\/\/chateaudutruch.com\/produit\/pure-merlot-vintage-2022\/"},"modified":"2025-06-24T12:56:11","modified_gmt":"2025-06-24T12:56:11","slug":"pure-merlot-vintage-2022","status":"publish","type":"product","link":"https:\/\/chateaudutruch.com\/en\/produit\/pure-merlot-vintage-2022\/","title":{"rendered":"Pure Merlot &#8211; Vintage 2022"},"content":{"rendered":"<div class=\"mt-5 flex md:flex-row flex-col justify-between md:items-center\">\n<div class=\"flex flex-col justify-around ml-5\">\n<div><\/div>\n<\/div>\n<\/div>\n<div class=\"md:mt-0 mt-5\">\n<p class=\"font-cormorant text-[19px]\">First vintage of the range, the color is ruby red, brilliant and intense. The attack is fresh, the palate round and fine. This 100% Merlot cuv\u00e9e, aged 30% in amphora \/ 70% in 2-wine barrels, reveals all the beauty of the Merlot grape variety, which brings greed and generosity to our wines.  <\/p>\n<p class=\"font-cormorant text-[19px] mt-2\">The tight, grainy tannic structure reflects the ageing in amphorae. The light woodiness of the barrels is present but discreet. <\/p>\n<p class=\"font-cormorant text-[19px] mt-2\">We recommend drinking this cuv\u00e9e Merlot 2022 within 5 years, although it can be kept longer without any problem.<\/p>\n<\/div>\n","protected":false},"excerpt":{"rendered":"<p class=\"text-red font-cormorant mt-5 font-bold text-[20px]\">The &#8220;pur&#8221; range is an exercise in style, a desire to highlight one or more grape varieties per vintage. Like a pantone, from which the label draws inspiration, each batch is our definition of the grape variety highlighted, its typicity and varietal characteristics. <\/p>\n<p><strong><span class=\"summary__title\"><span class=\"accordion__title\">  \ud83c\udf47 A word from the winemaker<\/span><\/span><\/strong><\/p>\n<div class=\"accordion__content rte\">\n<p><em>&#8220;Every wine we create at Ch\u00e2teau Dutruch Grand Poujeaux is an expression of the family&#8217;s passion for nature and respect for the terroir. Our commitment is to offer you cuv\u00e9es that tell the story of our estate, with all the authenticity and finesse that each bottle deserves.&#8221;<\/em><\/p>\n<\/div>\n","protected":false},"featured_media":554,"comment_status":"open","ping_status":"closed","template":"","meta":{"_eb_attr":""},"product_brand":[],"product_cat":[46],"product_tag":[],"class_list":{"0":"post-931","1":"product","2":"type-product","3":"status-publish","4":"has-post-thumbnail","6":"product_cat-red-wine","8":"first","9":"instock","10":"taxable","11":"shipping-taxable","12":"purchasable","13":"product-type-simple"},"yoast_head":"<!-- This site is optimized with the Yoast SEO plugin v26.6 - https:\/\/yoast.com\/wordpress\/plugins\/seo\/ -->\n<title>Pure Merlot - Vintage 2022 - Ch\u00e2teau Dutruch<\/title>\n<meta name=\"robots\" content=\"index, follow, max-snippet:-1, max-image-preview:large, max-video-preview:-1\" \/>\n<link rel=\"canonical\" href=\"https:\/\/chateaudutruch.com\/en\/produit\/pure-merlot-vintage-2022\/\" \/>\n<meta property=\"og:locale\" content=\"en_US\" \/>\n<meta property=\"og:type\" content=\"article\" \/>\n<meta property=\"og:title\" content=\"Pure Merlot - Vintage 2022 - Ch\u00e2teau Dutruch\" \/>\n<meta property=\"og:description\" content=\"The &quot;pur&quot; range is an exercise in style, a desire to highlight one or more grape varieties per vintage. Like a pantone, from which the label draws inspiration, each batch is our definition of the grape variety highlighted, its typicity and varietal characteristics.  \ud83c\udf47 A word from the winemaker  &quot;Every wine we create at Ch\u00e2teau Dutruch Grand Poujeaux is an expression of the family&#039;s passion for nature and respect for the terroir. Our commitment is to offer you cuv\u00e9es that tell the story of our estate, with all the authenticity and finesse that each bottle deserves.&quot;\" \/>\n<meta property=\"og:url\" content=\"https:\/\/chateaudutruch.com\/en\/produit\/pure-merlot-vintage-2022\/\" \/>\n<meta property=\"og:site_name\" content=\"Ch\u00e2teau Dutruch\" \/>\n<meta property=\"og:image\" content=\"https:\/\/chateaudutruch.com\/wp-content\/uploads\/2025\/06\/Pur-Merlot-Bouteille-Square.jpg\" \/>\n\t<meta property=\"og:image:width\" content=\"1400\" \/>\n\t<meta property=\"og:image:height\" content=\"1400\" \/>\n\t<meta property=\"og:image:type\" content=\"image\/jpeg\" \/>\n<meta name=\"twitter:card\" content=\"summary_large_image\" \/>\n<script type=\"application\/ld+json\" class=\"yoast-schema-graph\">{\"@context\":\"https:\/\/schema.org\",\"@graph\":[{\"@type\":\"WebPage\",\"@id\":\"https:\/\/chateaudutruch.com\/en\/produit\/pure-merlot-vintage-2022\/\",\"url\":\"https:\/\/chateaudutruch.com\/en\/produit\/pure-merlot-vintage-2022\/\",\"name\":\"Pure Merlot - Vintage 2022 - Ch\u00e2teau Dutruch\",\"isPartOf\":{\"@id\":\"https:\/\/chateaudutruch.com\/en\/#website\"},\"primaryImageOfPage\":{\"@id\":\"https:\/\/chateaudutruch.com\/en\/produit\/pure-merlot-vintage-2022\/#primaryimage\"},\"image\":{\"@id\":\"https:\/\/chateaudutruch.com\/en\/produit\/pure-merlot-vintage-2022\/#primaryimage\"},\"thumbnailUrl\":\"https:\/\/chateaudutruch.com\/wp-content\/uploads\/2025\/06\/Pur-Merlot-Bouteille-Square.jpg\",\"datePublished\":\"2025-06-24T12:56:11+00:00\",\"breadcrumb\":{\"@id\":\"https:\/\/chateaudutruch.com\/en\/produit\/pure-merlot-vintage-2022\/#breadcrumb\"},\"inLanguage\":\"en-US\",\"potentialAction\":[{\"@type\":\"ReadAction\",\"target\":[\"https:\/\/chateaudutruch.com\/en\/produit\/pure-merlot-vintage-2022\/\"]}]},{\"@type\":\"ImageObject\",\"inLanguage\":\"en-US\",\"@id\":\"https:\/\/chateaudutruch.com\/en\/produit\/pure-merlot-vintage-2022\/#primaryimage\",\"url\":\"https:\/\/chateaudutruch.com\/wp-content\/uploads\/2025\/06\/Pur-Merlot-Bouteille-Square.jpg\",\"contentUrl\":\"https:\/\/chateaudutruch.com\/wp-content\/uploads\/2025\/06\/Pur-Merlot-Bouteille-Square.jpg\",\"width\":1400,\"height\":1400},{\"@type\":\"BreadcrumbList\",\"@id\":\"https:\/\/chateaudutruch.com\/en\/produit\/pure-merlot-vintage-2022\/#breadcrumb\",\"itemListElement\":[{\"@type\":\"ListItem\",\"position\":1,\"name\":\"Accueil\",\"item\":\"https:\/\/chateaudutruch.com\/en\/home\/\"},{\"@type\":\"ListItem\",\"position\":2,\"name\":\"Boutique\",\"item\":\"https:\/\/chateaudutruch.com\/en\/boutique\/\"},{\"@type\":\"ListItem\",\"position\":3,\"name\":\"Pure Merlot &#8211; Vintage 2022\"}]},{\"@type\":\"WebSite\",\"@id\":\"https:\/\/chateaudutruch.com\/en\/#website\",\"url\":\"https:\/\/chateaudutruch.com\/en\/\",\"name\":\"Ch\u00e2teau Dutruch\",\"description\":\"Ch\u00e2teau Dutruch Grand Poujeaux - Vin de Moulis en M\u00e9doc\",\"publisher\":{\"@id\":\"https:\/\/chateaudutruch.com\/en\/#organization\"},\"potentialAction\":[{\"@type\":\"SearchAction\",\"target\":{\"@type\":\"EntryPoint\",\"urlTemplate\":\"https:\/\/chateaudutruch.com\/en\/?s={search_term_string}\"},\"query-input\":{\"@type\":\"PropertyValueSpecification\",\"valueRequired\":true,\"valueName\":\"search_term_string\"}}],\"inLanguage\":\"en-US\"},{\"@type\":\"Organization\",\"@id\":\"https:\/\/chateaudutruch.com\/en\/#organization\",\"name\":\"Ch\u00e2teau Dutruch\",\"url\":\"https:\/\/chateaudutruch.com\/en\/\",\"logo\":{\"@type\":\"ImageObject\",\"inLanguage\":\"en-US\",\"@id\":\"https:\/\/chateaudutruch.com\/en\/#\/schema\/logo\/image\/\",\"url\":\"https:\/\/chateaudutruch.com\/wp-content\/uploads\/2025\/06\/CH-DUTRUCH-GRAND-POUJEAUX-Moulis-en-Medoc-Logo-Noir.png\",\"contentUrl\":\"https:\/\/chateaudutruch.com\/wp-content\/uploads\/2025\/06\/CH-DUTRUCH-GRAND-POUJEAUX-Moulis-en-Medoc-Logo-Noir.png\",\"width\":567,\"height\":220,\"caption\":\"Ch\u00e2teau Dutruch\"},\"image\":{\"@id\":\"https:\/\/chateaudutruch.com\/en\/#\/schema\/logo\/image\/\"}}]}<\/script>\n<!-- \/ Yoast SEO plugin. -->","yoast_head_json":{"title":"Pure Merlot - Vintage 2022 - Ch\u00e2teau Dutruch","robots":{"index":"index","follow":"follow","max-snippet":"max-snippet:-1","max-image-preview":"max-image-preview:large","max-video-preview":"max-video-preview:-1"},"canonical":"https:\/\/chateaudutruch.com\/en\/produit\/pure-merlot-vintage-2022\/","og_locale":"en_US","og_type":"article","og_title":"Pure Merlot - Vintage 2022 - Ch\u00e2teau Dutruch","og_description":"The \"pur\" range is an exercise in style, a desire to highlight one or more grape varieties per vintage. Like a pantone, from which the label draws inspiration, each batch is our definition of the grape variety highlighted, its typicity and varietal characteristics.  \ud83c\udf47 A word from the winemaker  \"Every wine we create at Ch\u00e2teau Dutruch Grand Poujeaux is an expression of the family's passion for nature and respect for the terroir. Our commitment is to offer you cuv\u00e9es that tell the story of our estate, with all the authenticity and finesse that each bottle deserves.\"","og_url":"https:\/\/chateaudutruch.com\/en\/produit\/pure-merlot-vintage-2022\/","og_site_name":"Ch\u00e2teau Dutruch","og_image":[{"width":1400,"height":1400,"url":"https:\/\/chateaudutruch.com\/wp-content\/uploads\/2025\/06\/Pur-Merlot-Bouteille-Square.jpg","type":"image\/jpeg"}],"twitter_card":"summary_large_image","schema":{"@context":"https:\/\/schema.org","@graph":[{"@type":"WebPage","@id":"https:\/\/chateaudutruch.com\/en\/produit\/pure-merlot-vintage-2022\/","url":"https:\/\/chateaudutruch.com\/en\/produit\/pure-merlot-vintage-2022\/","name":"Pure Merlot - Vintage 2022 - Ch\u00e2teau Dutruch","isPartOf":{"@id":"https:\/\/chateaudutruch.com\/en\/#website"},"primaryImageOfPage":{"@id":"https:\/\/chateaudutruch.com\/en\/produit\/pure-merlot-vintage-2022\/#primaryimage"},"image":{"@id":"https:\/\/chateaudutruch.com\/en\/produit\/pure-merlot-vintage-2022\/#primaryimage"},"thumbnailUrl":"https:\/\/chateaudutruch.com\/wp-content\/uploads\/2025\/06\/Pur-Merlot-Bouteille-Square.jpg","datePublished":"2025-06-24T12:56:11+00:00","breadcrumb":{"@id":"https:\/\/chateaudutruch.com\/en\/produit\/pure-merlot-vintage-2022\/#breadcrumb"},"inLanguage":"en-US","potentialAction":[{"@type":"ReadAction","target":["https:\/\/chateaudutruch.com\/en\/produit\/pure-merlot-vintage-2022\/"]}]},{"@type":"ImageObject","inLanguage":"en-US","@id":"https:\/\/chateaudutruch.com\/en\/produit\/pure-merlot-vintage-2022\/#primaryimage","url":"https:\/\/chateaudutruch.com\/wp-content\/uploads\/2025\/06\/Pur-Merlot-Bouteille-Square.jpg","contentUrl":"https:\/\/chateaudutruch.com\/wp-content\/uploads\/2025\/06\/Pur-Merlot-Bouteille-Square.jpg","width":1400,"height":1400},{"@type":"BreadcrumbList","@id":"https:\/\/chateaudutruch.com\/en\/produit\/pure-merlot-vintage-2022\/#breadcrumb","itemListElement":[{"@type":"ListItem","position":1,"name":"Accueil","item":"https:\/\/chateaudutruch.com\/en\/home\/"},{"@type":"ListItem","position":2,"name":"Boutique","item":"https:\/\/chateaudutruch.com\/en\/boutique\/"},{"@type":"ListItem","position":3,"name":"Pure Merlot &#8211; Vintage 2022"}]},{"@type":"WebSite","@id":"https:\/\/chateaudutruch.com\/en\/#website","url":"https:\/\/chateaudutruch.com\/en\/","name":"Ch\u00e2teau Dutruch","description":"Ch\u00e2teau Dutruch Grand Poujeaux - Vin de Moulis en M\u00e9doc","publisher":{"@id":"https:\/\/chateaudutruch.com\/en\/#organization"},"potentialAction":[{"@type":"SearchAction","target":{"@type":"EntryPoint","urlTemplate":"https:\/\/chateaudutruch.com\/en\/?s={search_term_string}"},"query-input":{"@type":"PropertyValueSpecification","valueRequired":true,"valueName":"search_term_string"}}],"inLanguage":"en-US"},{"@type":"Organization","@id":"https:\/\/chateaudutruch.com\/en\/#organization","name":"Ch\u00e2teau Dutruch","url":"https:\/\/chateaudutruch.com\/en\/","logo":{"@type":"ImageObject","inLanguage":"en-US","@id":"https:\/\/chateaudutruch.com\/en\/#\/schema\/logo\/image\/","url":"https:\/\/chateaudutruch.com\/wp-content\/uploads\/2025\/06\/CH-DUTRUCH-GRAND-POUJEAUX-Moulis-en-Medoc-Logo-Noir.png","contentUrl":"https:\/\/chateaudutruch.com\/wp-content\/uploads\/2025\/06\/CH-DUTRUCH-GRAND-POUJEAUX-Moulis-en-Medoc-Logo-Noir.png","width":567,"height":220,"caption":"Ch\u00e2teau Dutruch"},"image":{"@id":"https:\/\/chateaudutruch.com\/en\/#\/schema\/logo\/image\/"}}]}},"_links":{"self":[{"href":"https:\/\/chateaudutruch.com\/en\/wp-json\/wp\/v2\/product\/931","targetHints":{"allow":["GET"]}}],"collection":[{"href":"https:\/\/chateaudutruch.com\/en\/wp-json\/wp\/v2\/product"}],"about":[{"href":"https:\/\/chateaudutruch.com\/en\/wp-json\/wp\/v2\/types\/product"}],"replies":[{"embeddable":true,"href":"https:\/\/chateaudutruch.com\/en\/wp-json\/wp\/v2\/comments?post=931"}],"wp:featuredmedia":[{"embeddable":true,"href":"https:\/\/chateaudutruch.com\/en\/wp-json\/wp\/v2\/media\/554"}],"wp:attachment":[{"href":"https:\/\/chateaudutruch.com\/en\/wp-json\/wp\/v2\/media?parent=931"}],"wp:term":[{"taxonomy":"product_brand","embeddable":true,"href":"https:\/\/chateaudutruch.com\/en\/wp-json\/wp\/v2\/product_brand?post=931"},{"taxonomy":"product_cat","embeddable":true,"href":"https:\/\/chateaudutruch.com\/en\/wp-json\/wp\/v2\/product_cat?post=931"},{"taxonomy":"product_tag","embeddable":true,"href":"https:\/\/chateaudutruch.com\/en\/wp-json\/wp\/v2\/product_tag?post=931"}],"curies":[{"name":"wp","href":"https:\/\/api.w.org\/{rel}","templated":true}]}}