{"id":932,"date":"2025-06-24T12:54:19","date_gmt":"2025-06-24T12:54:19","guid":{"rendered":"https:\/\/chateaudutruch.com\/produit\/chateau-dutruch-grand-poujeaux-cuvee-collection-vintage-2016\/"},"modified":"2025-06-24T12:54:19","modified_gmt":"2025-06-24T12:54:19","slug":"chateau-dutruch-grand-poujeaux-cuvee-collection-vintage-2016","status":"publish","type":"product","link":"https:\/\/chateaudutruch.com\/en\/produit\/chateau-dutruch-grand-poujeaux-cuvee-collection-vintage-2016\/","title":{"rendered":"Ch\u00e2teau Dutruch Grand Poujeaux &#8211; Cuv\u00e9e Collection Vintage 2016"},"content":{"rendered":"<div class=\"mt-5 flex md:flex-row flex-col justify-between md:items-center\">\n<div class=\"flex flex-col justify-around ml-5\">\n<div>\n<h1 class=\"font-bebas text-xl text-text mb-1 upercase text-[24px]\">Cuv\u00e9e Collection &#8211; Vintage 2016<\/h1>\n<h3 class=\"font-bebas text-xl text-text mb-1 upercase text-[24px]\">Terroir &amp; vineyards<\/h3>\n<ul class=\"font-cormorant text-text text-sm\">\n<li class=\"flex items-center text-[19px]\">90% deep Garonne gravel<\/li>\n<li class=\"flex items-center text-[19px]\">10% clay and limestone-clay<\/li>\n<li class=\"flex items-center text-[19px]\">average vineyard age: 35 years and over<\/li>\n<\/ul>\n<\/div>\n<div>\n<h3 class=\"font-bebas text-xl text-text mb-1 mt-4 upercase text-[24px]\">Winemaking<\/h3>\n<ul class=\"font-cormorant text-text text-sm\">\n<li class=\"flex items-center text-[19px]\">mechanical harvesting<\/li>\n<li class=\"flex items-center text-[19px]\">temperature-controlled concrete and stainless steel tanks<\/li>\n<li class=\"flex items-center text-[19px]\">macerations from 17 to 25 days<\/li>\n<\/ul>\n<\/div>\n<div>\n<h3 class=\"font-bebas text-xl text-text mb-1 mt-4 upercase text-[24px]\">Breeding<\/h3>\n<ul class=\"font-cormorant text-text text-sm\">\n<li class=\"flex items-center text-[19px]\">18 months, 12 of which in French oak barrels<\/li>\n<li class=\"flex items-center text-[19px]\">50% new barrels and 50% 1-wine barrels<\/li>\n<\/ul>\n<\/div>\n<\/div>\n<\/div>\n<div class=\"md:mt-0 mt-5\">\n<h3 class=\"font-bebas text-xl text-text mb-1 upercase text-[24px]\">Tasting<\/h3>\n<p class=\"font-cormorant text-text text-[19px]\">The nose of ripe fruit, raspberries and blackcurrants is of great depth, complemented by subtle aromas of toasted wood. The attack is frank and precise, the palate rich, full and fresh. We find the subtle power of the great M\u00e9docs, all with remarkable balance. The tannins are present but already melted, and the finish is long, fresh and sapid.   <\/p>\n<p class=\"font-cormorant text-text mt-2 text-[19px]\">Ageing potential is at least 15 years.<\/p>\n<p class=\"font-cormorant text-text mt-2 text-[19px]\">Blend: 70% cabernet sauvignon &#8211; 29% merlot &#8211; 1% petit verdot<\/p>\n<\/div>\n","protected":false},"excerpt":{"rendered":"<p>Cuv\u00e9e Collection was born of our desire to explore the full potential of our great terroirs in exceptional vintages. It&#8217;s a top-of-the-range cuv\u00e9e for which we set out in search of perfection. Each bottle is unique and numbered.  <\/p>\n","protected":false},"featured_media":556,"comment_status":"open","ping_status":"closed","template":"","meta":{"_eb_attr":""},"product_brand":[],"product_cat":[46],"product_tag":[],"class_list":{"0":"post-932","1":"product","2":"type-product","3":"status-publish","4":"has-post-thumbnail","6":"product_cat-red-wine","8":"first","9":"instock","10":"taxable","11":"shipping-taxable","12":"purchasable","13":"product-type-simple"},"yoast_head":"<!-- This site is optimized with the Yoast SEO plugin v26.6 - https:\/\/yoast.com\/wordpress\/plugins\/seo\/ -->\n<title>Ch\u00e2teau Dutruch Grand Poujeaux - Cuv\u00e9e Collection Vintage 2016 - Ch\u00e2teau Dutruch<\/title>\n<meta name=\"robots\" content=\"index, follow, max-snippet:-1, max-image-preview:large, max-video-preview:-1\" \/>\n<link rel=\"canonical\" href=\"https:\/\/chateaudutruch.com\/en\/produit\/chateau-dutruch-grand-poujeaux-cuvee-collection-vintage-2016\/\" \/>\n<meta property=\"og:locale\" content=\"en_US\" \/>\n<meta property=\"og:type\" content=\"article\" \/>\n<meta property=\"og:title\" content=\"Ch\u00e2teau Dutruch Grand Poujeaux - Cuv\u00e9e Collection Vintage 2016 - Ch\u00e2teau Dutruch\" \/>\n<meta property=\"og:description\" content=\"Cuv\u00e9e Collection was born of our desire to explore the full potential of our great terroirs in exceptional vintages. It&#039;s a top-of-the-range cuv\u00e9e for which we set out in search of perfection. Each bottle is unique and numbered.\" \/>\n<meta property=\"og:url\" content=\"https:\/\/chateaudutruch.com\/en\/produit\/chateau-dutruch-grand-poujeaux-cuvee-collection-vintage-2016\/\" \/>\n<meta property=\"og:site_name\" content=\"Ch\u00e2teau Dutruch\" \/>\n<meta property=\"og:image\" content=\"https:\/\/chateaudutruch.com\/wp-content\/uploads\/2025\/06\/Chateau-Dutruch-Grand-Poujeaux-Collection-Bouteille-Square.jpg\" \/>\n\t<meta property=\"og:image:width\" content=\"1400\" \/>\n\t<meta property=\"og:image:height\" content=\"1400\" \/>\n\t<meta property=\"og:image:type\" content=\"image\/jpeg\" \/>\n<meta name=\"twitter:card\" content=\"summary_large_image\" \/>\n<meta name=\"twitter:label1\" content=\"Est. reading time\" \/>\n\t<meta name=\"twitter:data1\" content=\"1 minute\" \/>\n<script type=\"application\/ld+json\" class=\"yoast-schema-graph\">{\"@context\":\"https:\/\/schema.org\",\"@graph\":[{\"@type\":\"WebPage\",\"@id\":\"https:\/\/chateaudutruch.com\/en\/produit\/chateau-dutruch-grand-poujeaux-cuvee-collection-vintage-2016\/\",\"url\":\"https:\/\/chateaudutruch.com\/en\/produit\/chateau-dutruch-grand-poujeaux-cuvee-collection-vintage-2016\/\",\"name\":\"Ch\u00e2teau Dutruch Grand Poujeaux - Cuv\u00e9e Collection Vintage 2016 - Ch\u00e2teau Dutruch\",\"isPartOf\":{\"@id\":\"https:\/\/chateaudutruch.com\/en\/#website\"},\"primaryImageOfPage\":{\"@id\":\"https:\/\/chateaudutruch.com\/en\/produit\/chateau-dutruch-grand-poujeaux-cuvee-collection-vintage-2016\/#primaryimage\"},\"image\":{\"@id\":\"https:\/\/chateaudutruch.com\/en\/produit\/chateau-dutruch-grand-poujeaux-cuvee-collection-vintage-2016\/#primaryimage\"},\"thumbnailUrl\":\"https:\/\/chateaudutruch.com\/wp-content\/uploads\/2025\/06\/Chateau-Dutruch-Grand-Poujeaux-Collection-Bouteille-Square.jpg\",\"datePublished\":\"2025-06-24T12:54:19+00:00\",\"breadcrumb\":{\"@id\":\"https:\/\/chateaudutruch.com\/en\/produit\/chateau-dutruch-grand-poujeaux-cuvee-collection-vintage-2016\/#breadcrumb\"},\"inLanguage\":\"en-US\",\"potentialAction\":[{\"@type\":\"ReadAction\",\"target\":[\"https:\/\/chateaudutruch.com\/en\/produit\/chateau-dutruch-grand-poujeaux-cuvee-collection-vintage-2016\/\"]}]},{\"@type\":\"ImageObject\",\"inLanguage\":\"en-US\",\"@id\":\"https:\/\/chateaudutruch.com\/en\/produit\/chateau-dutruch-grand-poujeaux-cuvee-collection-vintage-2016\/#primaryimage\",\"url\":\"https:\/\/chateaudutruch.com\/wp-content\/uploads\/2025\/06\/Chateau-Dutruch-Grand-Poujeaux-Collection-Bouteille-Square.jpg\",\"contentUrl\":\"https:\/\/chateaudutruch.com\/wp-content\/uploads\/2025\/06\/Chateau-Dutruch-Grand-Poujeaux-Collection-Bouteille-Square.jpg\",\"width\":1400,\"height\":1400},{\"@type\":\"BreadcrumbList\",\"@id\":\"https:\/\/chateaudutruch.com\/en\/produit\/chateau-dutruch-grand-poujeaux-cuvee-collection-vintage-2016\/#breadcrumb\",\"itemListElement\":[{\"@type\":\"ListItem\",\"position\":1,\"name\":\"Accueil\",\"item\":\"https:\/\/chateaudutruch.com\/en\/home\/\"},{\"@type\":\"ListItem\",\"position\":2,\"name\":\"Boutique\",\"item\":\"https:\/\/chateaudutruch.com\/en\/boutique\/\"},{\"@type\":\"ListItem\",\"position\":3,\"name\":\"Ch\u00e2teau Dutruch Grand Poujeaux &#8211; Cuv\u00e9e Collection Vintage 2016\"}]},{\"@type\":\"WebSite\",\"@id\":\"https:\/\/chateaudutruch.com\/en\/#website\",\"url\":\"https:\/\/chateaudutruch.com\/en\/\",\"name\":\"Ch\u00e2teau Dutruch\",\"description\":\"Ch\u00e2teau Dutruch Grand Poujeaux - Vin de Moulis en M\u00e9doc\",\"publisher\":{\"@id\":\"https:\/\/chateaudutruch.com\/en\/#organization\"},\"potentialAction\":[{\"@type\":\"SearchAction\",\"target\":{\"@type\":\"EntryPoint\",\"urlTemplate\":\"https:\/\/chateaudutruch.com\/en\/?s={search_term_string}\"},\"query-input\":{\"@type\":\"PropertyValueSpecification\",\"valueRequired\":true,\"valueName\":\"search_term_string\"}}],\"inLanguage\":\"en-US\"},{\"@type\":\"Organization\",\"@id\":\"https:\/\/chateaudutruch.com\/en\/#organization\",\"name\":\"Ch\u00e2teau Dutruch\",\"url\":\"https:\/\/chateaudutruch.com\/en\/\",\"logo\":{\"@type\":\"ImageObject\",\"inLanguage\":\"en-US\",\"@id\":\"https:\/\/chateaudutruch.com\/en\/#\/schema\/logo\/image\/\",\"url\":\"https:\/\/chateaudutruch.com\/wp-content\/uploads\/2025\/06\/CH-DUTRUCH-GRAND-POUJEAUX-Moulis-en-Medoc-Logo-Noir.png\",\"contentUrl\":\"https:\/\/chateaudutruch.com\/wp-content\/uploads\/2025\/06\/CH-DUTRUCH-GRAND-POUJEAUX-Moulis-en-Medoc-Logo-Noir.png\",\"width\":567,\"height\":220,\"caption\":\"Ch\u00e2teau Dutruch\"},\"image\":{\"@id\":\"https:\/\/chateaudutruch.com\/en\/#\/schema\/logo\/image\/\"}}]}<\/script>\n<!-- \/ Yoast SEO plugin. -->","yoast_head_json":{"title":"Ch\u00e2teau Dutruch Grand Poujeaux - Cuv\u00e9e Collection Vintage 2016 - Ch\u00e2teau Dutruch","robots":{"index":"index","follow":"follow","max-snippet":"max-snippet:-1","max-image-preview":"max-image-preview:large","max-video-preview":"max-video-preview:-1"},"canonical":"https:\/\/chateaudutruch.com\/en\/produit\/chateau-dutruch-grand-poujeaux-cuvee-collection-vintage-2016\/","og_locale":"en_US","og_type":"article","og_title":"Ch\u00e2teau Dutruch Grand Poujeaux - Cuv\u00e9e Collection Vintage 2016 - Ch\u00e2teau Dutruch","og_description":"Cuv\u00e9e Collection was born of our desire to explore the full potential of our great terroirs in exceptional vintages. It's a top-of-the-range cuv\u00e9e for which we set out in search of perfection. Each bottle is unique and numbered.","og_url":"https:\/\/chateaudutruch.com\/en\/produit\/chateau-dutruch-grand-poujeaux-cuvee-collection-vintage-2016\/","og_site_name":"Ch\u00e2teau Dutruch","og_image":[{"width":1400,"height":1400,"url":"https:\/\/chateaudutruch.com\/wp-content\/uploads\/2025\/06\/Chateau-Dutruch-Grand-Poujeaux-Collection-Bouteille-Square.jpg","type":"image\/jpeg"}],"twitter_card":"summary_large_image","twitter_misc":{"Est. reading time":"1 minute"},"schema":{"@context":"https:\/\/schema.org","@graph":[{"@type":"WebPage","@id":"https:\/\/chateaudutruch.com\/en\/produit\/chateau-dutruch-grand-poujeaux-cuvee-collection-vintage-2016\/","url":"https:\/\/chateaudutruch.com\/en\/produit\/chateau-dutruch-grand-poujeaux-cuvee-collection-vintage-2016\/","name":"Ch\u00e2teau Dutruch Grand Poujeaux - Cuv\u00e9e Collection Vintage 2016 - Ch\u00e2teau Dutruch","isPartOf":{"@id":"https:\/\/chateaudutruch.com\/en\/#website"},"primaryImageOfPage":{"@id":"https:\/\/chateaudutruch.com\/en\/produit\/chateau-dutruch-grand-poujeaux-cuvee-collection-vintage-2016\/#primaryimage"},"image":{"@id":"https:\/\/chateaudutruch.com\/en\/produit\/chateau-dutruch-grand-poujeaux-cuvee-collection-vintage-2016\/#primaryimage"},"thumbnailUrl":"https:\/\/chateaudutruch.com\/wp-content\/uploads\/2025\/06\/Chateau-Dutruch-Grand-Poujeaux-Collection-Bouteille-Square.jpg","datePublished":"2025-06-24T12:54:19+00:00","breadcrumb":{"@id":"https:\/\/chateaudutruch.com\/en\/produit\/chateau-dutruch-grand-poujeaux-cuvee-collection-vintage-2016\/#breadcrumb"},"inLanguage":"en-US","potentialAction":[{"@type":"ReadAction","target":["https:\/\/chateaudutruch.com\/en\/produit\/chateau-dutruch-grand-poujeaux-cuvee-collection-vintage-2016\/"]}]},{"@type":"ImageObject","inLanguage":"en-US","@id":"https:\/\/chateaudutruch.com\/en\/produit\/chateau-dutruch-grand-poujeaux-cuvee-collection-vintage-2016\/#primaryimage","url":"https:\/\/chateaudutruch.com\/wp-content\/uploads\/2025\/06\/Chateau-Dutruch-Grand-Poujeaux-Collection-Bouteille-Square.jpg","contentUrl":"https:\/\/chateaudutruch.com\/wp-content\/uploads\/2025\/06\/Chateau-Dutruch-Grand-Poujeaux-Collection-Bouteille-Square.jpg","width":1400,"height":1400},{"@type":"BreadcrumbList","@id":"https:\/\/chateaudutruch.com\/en\/produit\/chateau-dutruch-grand-poujeaux-cuvee-collection-vintage-2016\/#breadcrumb","itemListElement":[{"@type":"ListItem","position":1,"name":"Accueil","item":"https:\/\/chateaudutruch.com\/en\/home\/"},{"@type":"ListItem","position":2,"name":"Boutique","item":"https:\/\/chateaudutruch.com\/en\/boutique\/"},{"@type":"ListItem","position":3,"name":"Ch\u00e2teau Dutruch Grand Poujeaux &#8211; Cuv\u00e9e Collection Vintage 2016"}]},{"@type":"WebSite","@id":"https:\/\/chateaudutruch.com\/en\/#website","url":"https:\/\/chateaudutruch.com\/en\/","name":"Ch\u00e2teau Dutruch","description":"Ch\u00e2teau Dutruch Grand Poujeaux - Vin de Moulis en M\u00e9doc","publisher":{"@id":"https:\/\/chateaudutruch.com\/en\/#organization"},"potentialAction":[{"@type":"SearchAction","target":{"@type":"EntryPoint","urlTemplate":"https:\/\/chateaudutruch.com\/en\/?s={search_term_string}"},"query-input":{"@type":"PropertyValueSpecification","valueRequired":true,"valueName":"search_term_string"}}],"inLanguage":"en-US"},{"@type":"Organization","@id":"https:\/\/chateaudutruch.com\/en\/#organization","name":"Ch\u00e2teau Dutruch","url":"https:\/\/chateaudutruch.com\/en\/","logo":{"@type":"ImageObject","inLanguage":"en-US","@id":"https:\/\/chateaudutruch.com\/en\/#\/schema\/logo\/image\/","url":"https:\/\/chateaudutruch.com\/wp-content\/uploads\/2025\/06\/CH-DUTRUCH-GRAND-POUJEAUX-Moulis-en-Medoc-Logo-Noir.png","contentUrl":"https:\/\/chateaudutruch.com\/wp-content\/uploads\/2025\/06\/CH-DUTRUCH-GRAND-POUJEAUX-Moulis-en-Medoc-Logo-Noir.png","width":567,"height":220,"caption":"Ch\u00e2teau Dutruch"},"image":{"@id":"https:\/\/chateaudutruch.com\/en\/#\/schema\/logo\/image\/"}}]}},"_links":{"self":[{"href":"https:\/\/chateaudutruch.com\/en\/wp-json\/wp\/v2\/product\/932","targetHints":{"allow":["GET"]}}],"collection":[{"href":"https:\/\/chateaudutruch.com\/en\/wp-json\/wp\/v2\/product"}],"about":[{"href":"https:\/\/chateaudutruch.com\/en\/wp-json\/wp\/v2\/types\/product"}],"replies":[{"embeddable":true,"href":"https:\/\/chateaudutruch.com\/en\/wp-json\/wp\/v2\/comments?post=932"}],"wp:featuredmedia":[{"embeddable":true,"href":"https:\/\/chateaudutruch.com\/en\/wp-json\/wp\/v2\/media\/556"}],"wp:attachment":[{"href":"https:\/\/chateaudutruch.com\/en\/wp-json\/wp\/v2\/media?parent=932"}],"wp:term":[{"taxonomy":"product_brand","embeddable":true,"href":"https:\/\/chateaudutruch.com\/en\/wp-json\/wp\/v2\/product_brand?post=932"},{"taxonomy":"product_cat","embeddable":true,"href":"https:\/\/chateaudutruch.com\/en\/wp-json\/wp\/v2\/product_cat?post=932"},{"taxonomy":"product_tag","embeddable":true,"href":"https:\/\/chateaudutruch.com\/en\/wp-json\/wp\/v2\/product_tag?post=932"}],"curies":[{"name":"wp","href":"https:\/\/api.w.org\/{rel}","templated":true}]}}